{"id":3687592,"date":"2025-10-13T13:30:22","date_gmt":"2025-10-13T17:30:22","guid":{"rendered":"https:\/\/stoic-curie.212-227-153-4.plesk.page\/product\/nosaci-rukohvata-klasicni-d35-centralni-kromirani-mesing\/"},"modified":"2026-02-25T00:00:42","modified_gmt":"2026-02-25T00:00:42","slug":"nosaci-rukohvata-klasicni-d35-centralni-kromirani-mesing","status":"publish","type":"product","link":"https:\/\/stoic-curie.212-227-153-4.plesk.page\/hr\/product\/nosaci-rukohvata-klasicni-d35-centralni-kromirani-mesing\/","title":{"rendered":"Nosa\u010di rukohvata klasi\u010dni D35, centralni, kromirani mesing"},"content":{"rendered":"<p>Nosa\u010di rukohvata klasi\u010dni D35, centralni, kromirani mesing &#8211; <\/p>\n<p>Kromirani mesingani nosa\u010di rukohvata s okruglom bazom.<\/p>\n","protected":false},"excerpt":{"rendered":"<p>Nosa\u010di rukohvata klasi\u010dni D35, centralni, kromirani mesing &#8211; Kromirani mesingani nosa\u010di rukohvata s okruglom bazom.<\/p>\n","protected":false},"featured_media":5938244,"comment_status":"closed","ping_status":"closed","template":"","meta":[],"product_brand":[2946],"product_cat":[1707,1700],"product_tag":[],"class_list":{"0":"post-3687592","1":"product","2":"type-product","3":"status-publish","4":"has-post-thumbnail","6":"product_brand-foresti-suardi-hr","7":"product_cat-brodski-rukohvati","8":"product_cat-elementi-brodskih-rukohvata","10":"first","11":"instock","12":"shipping-taxable","13":"purchasable","14":"product-type-simple"},"_links":{"self":[{"href":"https:\/\/stoic-curie.212-227-153-4.plesk.page\/hr\/wp-json\/wp\/v2\/product\/3687592","targetHints":{"allow":["GET"]}}],"collection":[{"href":"https:\/\/stoic-curie.212-227-153-4.plesk.page\/hr\/wp-json\/wp\/v2\/product"}],"about":[{"href":"https:\/\/stoic-curie.212-227-153-4.plesk.page\/hr\/wp-json\/wp\/v2\/types\/product"}],"replies":[{"embeddable":true,"href":"https:\/\/stoic-curie.212-227-153-4.plesk.page\/hr\/wp-json\/wp\/v2\/comments?post=3687592"}],"version-history":[{"count":0,"href":"https:\/\/stoic-curie.212-227-153-4.plesk.page\/hr\/wp-json\/wp\/v2\/product\/3687592\/revisions"}],"wp:featuredmedia":[{"embeddable":true,"href":"https:\/\/stoic-curie.212-227-153-4.plesk.page\/hr\/wp-json\/wp\/v2\/media\/5938244"}],"wp:attachment":[{"href":"https:\/\/stoic-curie.212-227-153-4.plesk.page\/hr\/wp-json\/wp\/v2\/media?parent=3687592"}],"wp:term":[{"taxonomy":"product_brand","embeddable":true,"href":"https:\/\/stoic-curie.212-227-153-4.plesk.page\/hr\/wp-json\/wp\/v2\/product_brand?post=3687592"},{"taxonomy":"product_cat","embeddable":true,"href":"https:\/\/stoic-curie.212-227-153-4.plesk.page\/hr\/wp-json\/wp\/v2\/product_cat?post=3687592"},{"taxonomy":"product_tag","embeddable":true,"href":"https:\/\/stoic-curie.212-227-153-4.plesk.page\/hr\/wp-json\/wp\/v2\/product_tag?post=3687592"}],"curies":[{"name":"wp","href":"https:\/\/api.w.org\/{rel}","templated":true}]}}