{"id":3687602,"date":"2025-10-13T13:30:25","date_gmt":"2025-10-13T17:30:25","guid":{"rendered":"https:\/\/stoic-curie.212-227-153-4.plesk.page\/product\/kuka-za-privez-180cm-alu\/"},"modified":"2026-02-25T00:00:42","modified_gmt":"2026-02-25T00:00:42","slug":"kuka-za-privez-180cm-alu","status":"publish","type":"product","link":"https:\/\/stoic-curie.212-227-153-4.plesk.page\/hr\/product\/kuka-za-privez-180cm-alu\/","title":{"rendered":"Kuka za privez 180cm Alu"},"content":{"rendered":"<p>Kuka za privez 180cm Alu &#8211; <\/p>\n<p>Anodizirani aluminijski \u0161tap i plasti\u010dni vrh za \u010damac. Ergonomi\u010dna dr\u0161ka za udoban i siguran grip.<\/p>\n","protected":false},"excerpt":{"rendered":"<p>Kuka za privez 180cm Alu &#8211; Anodizirani aluminijski \u0161tap i plasti\u010dni vrh za \u010damac. Ergonomi\u010dna dr\u0161ka za udoban i siguran<\/p>\n","protected":false},"featured_media":5938279,"comment_status":"closed","ping_status":"closed","template":"","meta":[],"product_brand":[3491],"product_cat":[1616],"product_tag":[],"class_list":{"0":"post-3687602","1":"product","2":"type-product","3":"status-publish","4":"has-post-thumbnail","6":"product_brand-trem-hr","7":"product_cat-kuke-za-privez-i-pristajanje","9":"first","10":"instock","11":"shipping-taxable","12":"purchasable","13":"product-type-simple"},"_links":{"self":[{"href":"https:\/\/stoic-curie.212-227-153-4.plesk.page\/hr\/wp-json\/wp\/v2\/product\/3687602","targetHints":{"allow":["GET"]}}],"collection":[{"href":"https:\/\/stoic-curie.212-227-153-4.plesk.page\/hr\/wp-json\/wp\/v2\/product"}],"about":[{"href":"https:\/\/stoic-curie.212-227-153-4.plesk.page\/hr\/wp-json\/wp\/v2\/types\/product"}],"replies":[{"embeddable":true,"href":"https:\/\/stoic-curie.212-227-153-4.plesk.page\/hr\/wp-json\/wp\/v2\/comments?post=3687602"}],"version-history":[{"count":0,"href":"https:\/\/stoic-curie.212-227-153-4.plesk.page\/hr\/wp-json\/wp\/v2\/product\/3687602\/revisions"}],"wp:featuredmedia":[{"embeddable":true,"href":"https:\/\/stoic-curie.212-227-153-4.plesk.page\/hr\/wp-json\/wp\/v2\/media\/5938279"}],"wp:attachment":[{"href":"https:\/\/stoic-curie.212-227-153-4.plesk.page\/hr\/wp-json\/wp\/v2\/media?parent=3687602"}],"wp:term":[{"taxonomy":"product_brand","embeddable":true,"href":"https:\/\/stoic-curie.212-227-153-4.plesk.page\/hr\/wp-json\/wp\/v2\/product_brand?post=3687602"},{"taxonomy":"product_cat","embeddable":true,"href":"https:\/\/stoic-curie.212-227-153-4.plesk.page\/hr\/wp-json\/wp\/v2\/product_cat?post=3687602"},{"taxonomy":"product_tag","embeddable":true,"href":"https:\/\/stoic-curie.212-227-153-4.plesk.page\/hr\/wp-json\/wp\/v2\/product_tag?post=3687602"}],"curies":[{"name":"wp","href":"https:\/\/api.w.org\/{rel}","templated":true}]}}