{"id":3687609,"date":"2025-10-13T13:30:26","date_gmt":"2025-10-13T17:30:26","guid":{"rendered":"https:\/\/stoic-curie.212-227-153-4.plesk.page\/product\/aluminijsko-teleskopsko-veslo-100-130-cm-s-kukom-za-privez\/"},"modified":"2026-02-25T00:00:42","modified_gmt":"2026-02-25T00:00:42","slug":"aluminijsko-teleskopsko-veslo-100-130-cm-s-kukom-za-privez","status":"publish","type":"product","link":"https:\/\/stoic-curie.212-227-153-4.plesk.page\/hr\/product\/aluminijsko-teleskopsko-veslo-100-130-cm-s-kukom-za-privez\/","title":{"rendered":"Aluminijsko teleskopsko veslo 100-130 cm s kukom za privez"},"content":{"rendered":"<p>Aluminijsko teleskopsko veslo 100-130 cm s kukom za privez &#8211; <\/p>\n<p>Telescopsku veslu s anodiziranim aluminijskim vratilom i plasti\u010dnom o\u0161tricom, opremljenom hook za \u010damac.<\/p>\n","protected":false},"excerpt":{"rendered":"<p>Aluminijsko teleskopsko veslo 100-130 cm s kukom za privez &#8211; Telescopsku veslu s anodiziranim aluminijskim vratilom i plasti\u010dnom o\u0161tricom, opremljenom<\/p>\n","protected":false},"featured_media":5938289,"comment_status":"closed","ping_status":"closed","template":"","meta":[],"product_brand":[2851],"product_cat":[1616,1836],"product_tag":[],"class_list":{"0":"post-3687609","1":"product","2":"type-product","3":"status-publish","4":"has-post-thumbnail","6":"product_brand-bravo-scoprega-hr","7":"product_cat-kuke-za-privez-i-pristajanje","8":"product_cat-vesla","10":"first","11":"instock","12":"shipping-taxable","13":"purchasable","14":"product-type-simple"},"_links":{"self":[{"href":"https:\/\/stoic-curie.212-227-153-4.plesk.page\/hr\/wp-json\/wp\/v2\/product\/3687609","targetHints":{"allow":["GET"]}}],"collection":[{"href":"https:\/\/stoic-curie.212-227-153-4.plesk.page\/hr\/wp-json\/wp\/v2\/product"}],"about":[{"href":"https:\/\/stoic-curie.212-227-153-4.plesk.page\/hr\/wp-json\/wp\/v2\/types\/product"}],"replies":[{"embeddable":true,"href":"https:\/\/stoic-curie.212-227-153-4.plesk.page\/hr\/wp-json\/wp\/v2\/comments?post=3687609"}],"version-history":[{"count":0,"href":"https:\/\/stoic-curie.212-227-153-4.plesk.page\/hr\/wp-json\/wp\/v2\/product\/3687609\/revisions"}],"wp:featuredmedia":[{"embeddable":true,"href":"https:\/\/stoic-curie.212-227-153-4.plesk.page\/hr\/wp-json\/wp\/v2\/media\/5938289"}],"wp:attachment":[{"href":"https:\/\/stoic-curie.212-227-153-4.plesk.page\/hr\/wp-json\/wp\/v2\/media?parent=3687609"}],"wp:term":[{"taxonomy":"product_brand","embeddable":true,"href":"https:\/\/stoic-curie.212-227-153-4.plesk.page\/hr\/wp-json\/wp\/v2\/product_brand?post=3687609"},{"taxonomy":"product_cat","embeddable":true,"href":"https:\/\/stoic-curie.212-227-153-4.plesk.page\/hr\/wp-json\/wp\/v2\/product_cat?post=3687609"},{"taxonomy":"product_tag","embeddable":true,"href":"https:\/\/stoic-curie.212-227-153-4.plesk.page\/hr\/wp-json\/wp\/v2\/product_tag?post=3687609"}],"curies":[{"name":"wp","href":"https:\/\/api.w.org\/{rel}","templated":true}]}}