{"id":3687645,"date":"2025-10-13T13:30:34","date_gmt":"2025-10-13T17:30:34","guid":{"rendered":"https:\/\/stoic-curie.212-227-153-4.plesk.page\/product\/hd-obujmice-za-pricvrscenje-sine-22-35-mm-par\/"},"modified":"2026-02-25T00:00:42","modified_gmt":"2026-02-25T00:00:42","slug":"hd-obujmice-za-pricvrscenje-sine-22-35-mm-par","status":"publish","type":"product","link":"https:\/\/stoic-curie.212-227-153-4.plesk.page\/hr\/product\/hd-obujmice-za-pricvrscenje-sine-22-35-mm-par\/","title":{"rendered":"HD obujmice za pri\u010dvr\u0161\u0107enje \u0161ine 22\/35 mm par"},"content":{"rendered":"<p>HD obujmice za pri\u010dvr\u0161\u0107enje \u0161ine 22\/35 mm par &#8211; <\/p>\n<p>Par kriti\u010dnih mekih klipse za montiranje na tra\u010dnici \u00d8 2225 mm, s veli\u010dinom klipse \u00d8 2235 mm. Prodaje se u parovima.<\/p>\n","protected":false},"excerpt":{"rendered":"<p>HD obujmice za pri\u010dvr\u0161\u0107enje \u0161ine 22\/35 mm par &#8211; Par kriti\u010dnih mekih klipse za montiranje na tra\u010dnici \u00d8 2225 mm,<\/p>\n","protected":false},"featured_media":5938338,"comment_status":"closed","ping_status":"closed","template":"","meta":[],"product_brand":[3491],"product_cat":[1644],"product_tag":[],"class_list":{"0":"post-3687645","1":"product","2":"type-product","3":"status-publish","4":"has-post-thumbnail","6":"product_brand-trem-hr","7":"product_cat-pribor-za-spremista","9":"first","10":"instock","11":"shipping-taxable","12":"purchasable","13":"product-type-simple"},"_links":{"self":[{"href":"https:\/\/stoic-curie.212-227-153-4.plesk.page\/hr\/wp-json\/wp\/v2\/product\/3687645","targetHints":{"allow":["GET"]}}],"collection":[{"href":"https:\/\/stoic-curie.212-227-153-4.plesk.page\/hr\/wp-json\/wp\/v2\/product"}],"about":[{"href":"https:\/\/stoic-curie.212-227-153-4.plesk.page\/hr\/wp-json\/wp\/v2\/types\/product"}],"replies":[{"embeddable":true,"href":"https:\/\/stoic-curie.212-227-153-4.plesk.page\/hr\/wp-json\/wp\/v2\/comments?post=3687645"}],"version-history":[{"count":0,"href":"https:\/\/stoic-curie.212-227-153-4.plesk.page\/hr\/wp-json\/wp\/v2\/product\/3687645\/revisions"}],"wp:featuredmedia":[{"embeddable":true,"href":"https:\/\/stoic-curie.212-227-153-4.plesk.page\/hr\/wp-json\/wp\/v2\/media\/5938338"}],"wp:attachment":[{"href":"https:\/\/stoic-curie.212-227-153-4.plesk.page\/hr\/wp-json\/wp\/v2\/media?parent=3687645"}],"wp:term":[{"taxonomy":"product_brand","embeddable":true,"href":"https:\/\/stoic-curie.212-227-153-4.plesk.page\/hr\/wp-json\/wp\/v2\/product_brand?post=3687645"},{"taxonomy":"product_cat","embeddable":true,"href":"https:\/\/stoic-curie.212-227-153-4.plesk.page\/hr\/wp-json\/wp\/v2\/product_cat?post=3687645"},{"taxonomy":"product_tag","embeddable":true,"href":"https:\/\/stoic-curie.212-227-153-4.plesk.page\/hr\/wp-json\/wp\/v2\/product_tag?post=3687645"}],"curies":[{"name":"wp","href":"https:\/\/api.w.org\/{rel}","templated":true}]}}