{"id":3687649,"date":"2025-10-13T13:30:35","date_gmt":"2025-10-13T17:30:35","guid":{"rendered":"https:\/\/stoic-curie.212-227-153-4.plesk.page\/product\/drzac-ribickog-stapa-podesivi-nehrdajuci-celik-sa-stegom-za-tracnice-22-30-mm-h250-mm-d40-mm\/"},"modified":"2026-02-25T00:00:42","modified_gmt":"2026-02-25T00:00:42","slug":"drzac-ribickog-stapa-podesivi-nehrdajuci-celik-sa-stegom-za-tracnice-22-30-mm-h250-mm-d40-mm","status":"publish","type":"product","link":"https:\/\/stoic-curie.212-227-153-4.plesk.page\/hr\/product\/drzac-ribickog-stapa-podesivi-nehrdajuci-celik-sa-stegom-za-tracnice-22-30-mm-h250-mm-d40-mm\/","title":{"rendered":"Dr\u017ea\u010d ribi\u010dkog \u0161tapa podesivi, nehr\u0111aju\u0107i \u010delik, sa stegom za tracnice 22-30 mm H250 mm D40 mm"},"content":{"rendered":"<p>Dr\u017ea\u010d ribi\u010dkog \u0161tapa podesivi, nehr\u0111aju\u0107i \u010delik, sa stegom za tracnice 22-30 mm H250 mm D40 mm &#8211; <\/p>\n<p>Podesivi dr\u017ea\u010d \u0161tapa od nehr\u0111aju\u0107eg \u010delika s kop\u010dom za \u0161inu.<\/p>\n","protected":false},"excerpt":{"rendered":"<p>Dr\u017ea\u010d ribi\u010dkog \u0161tapa podesivi, nehr\u0111aju\u0107i \u010delik, sa stegom za tracnice 22-30 mm H250 mm D40 mm &#8211; Podesivi dr\u017ea\u010d \u0161tapa<\/p>\n","protected":false},"featured_media":5938342,"comment_status":"closed","ping_status":"closed","template":"","meta":[],"product_brand":[2946],"product_cat":[1680],"product_tag":[],"class_list":{"0":"post-3687649","1":"product","2":"type-product","3":"status-publish","4":"has-post-thumbnail","6":"product_brand-foresti-suardi-hr","7":"product_cat-drzaci-stapova-za-ribolov","9":"first","10":"instock","11":"shipping-taxable","12":"purchasable","13":"product-type-simple"},"_links":{"self":[{"href":"https:\/\/stoic-curie.212-227-153-4.plesk.page\/hr\/wp-json\/wp\/v2\/product\/3687649","targetHints":{"allow":["GET"]}}],"collection":[{"href":"https:\/\/stoic-curie.212-227-153-4.plesk.page\/hr\/wp-json\/wp\/v2\/product"}],"about":[{"href":"https:\/\/stoic-curie.212-227-153-4.plesk.page\/hr\/wp-json\/wp\/v2\/types\/product"}],"replies":[{"embeddable":true,"href":"https:\/\/stoic-curie.212-227-153-4.plesk.page\/hr\/wp-json\/wp\/v2\/comments?post=3687649"}],"version-history":[{"count":0,"href":"https:\/\/stoic-curie.212-227-153-4.plesk.page\/hr\/wp-json\/wp\/v2\/product\/3687649\/revisions"}],"wp:featuredmedia":[{"embeddable":true,"href":"https:\/\/stoic-curie.212-227-153-4.plesk.page\/hr\/wp-json\/wp\/v2\/media\/5938342"}],"wp:attachment":[{"href":"https:\/\/stoic-curie.212-227-153-4.plesk.page\/hr\/wp-json\/wp\/v2\/media?parent=3687649"}],"wp:term":[{"taxonomy":"product_brand","embeddable":true,"href":"https:\/\/stoic-curie.212-227-153-4.plesk.page\/hr\/wp-json\/wp\/v2\/product_brand?post=3687649"},{"taxonomy":"product_cat","embeddable":true,"href":"https:\/\/stoic-curie.212-227-153-4.plesk.page\/hr\/wp-json\/wp\/v2\/product_cat?post=3687649"},{"taxonomy":"product_tag","embeddable":true,"href":"https:\/\/stoic-curie.212-227-153-4.plesk.page\/hr\/wp-json\/wp\/v2\/product_tag?post=3687649"}],"curies":[{"name":"wp","href":"https:\/\/api.w.org\/{rel}","templated":true}]}}