{"id":3687653,"date":"2025-10-13T13:30:36","date_gmt":"2025-10-13T17:30:36","guid":{"rendered":"https:\/\/stoic-curie.212-227-153-4.plesk.page\/product\/bijeli-drzac-za-4-ribicka-stapa-381-mm-x-73-mm\/"},"modified":"2026-02-25T00:00:42","modified_gmt":"2026-02-25T00:00:42","slug":"bijeli-drzac-za-4-ribicka-stapa-381-mm-x-73-mm","status":"publish","type":"product","link":"https:\/\/stoic-curie.212-227-153-4.plesk.page\/hr\/product\/bijeli-drzac-za-4-ribicka-stapa-381-mm-x-73-mm\/","title":{"rendered":"Bijeli dr\u017ea\u010d za 4 ribi\u010dka \u0161tapa 381 mm x 73 mm"},"content":{"rendered":"<p>Bijeli dr\u017ea\u010d za 4 ribi\u010dka \u0161tapa 381 mm x 73 mm &#8211; <\/p>\n<p>Dr\u017ea\u010d za pohranu \u0161tapova, bo\u010dnih kuka itd.<\/p>\n","protected":false},"excerpt":{"rendered":"<p>Bijeli dr\u017ea\u010d za 4 ribi\u010dka \u0161tapa 381 mm x 73 mm &#8211; Dr\u017ea\u010d za pohranu \u0161tapova, bo\u010dnih kuka itd.<\/p>\n","protected":false},"featured_media":5938352,"comment_status":"closed","ping_status":"closed","template":"","meta":[],"product_brand":[3236],"product_cat":[1680,1843],"product_tag":[],"class_list":{"0":"post-3687653","1":"product","2":"type-product","3":"status-publish","4":"has-post-thumbnail","6":"product_brand-osculati-hr","7":"product_cat-drzaci-stapova-za-ribolov","8":"product_cat-oprema-za-ribolov-na-brodu","10":"first","11":"instock","12":"shipping-taxable","13":"purchasable","14":"product-type-simple"},"_links":{"self":[{"href":"https:\/\/stoic-curie.212-227-153-4.plesk.page\/hr\/wp-json\/wp\/v2\/product\/3687653","targetHints":{"allow":["GET"]}}],"collection":[{"href":"https:\/\/stoic-curie.212-227-153-4.plesk.page\/hr\/wp-json\/wp\/v2\/product"}],"about":[{"href":"https:\/\/stoic-curie.212-227-153-4.plesk.page\/hr\/wp-json\/wp\/v2\/types\/product"}],"replies":[{"embeddable":true,"href":"https:\/\/stoic-curie.212-227-153-4.plesk.page\/hr\/wp-json\/wp\/v2\/comments?post=3687653"}],"version-history":[{"count":0,"href":"https:\/\/stoic-curie.212-227-153-4.plesk.page\/hr\/wp-json\/wp\/v2\/product\/3687653\/revisions"}],"wp:featuredmedia":[{"embeddable":true,"href":"https:\/\/stoic-curie.212-227-153-4.plesk.page\/hr\/wp-json\/wp\/v2\/media\/5938352"}],"wp:attachment":[{"href":"https:\/\/stoic-curie.212-227-153-4.plesk.page\/hr\/wp-json\/wp\/v2\/media?parent=3687653"}],"wp:term":[{"taxonomy":"product_brand","embeddable":true,"href":"https:\/\/stoic-curie.212-227-153-4.plesk.page\/hr\/wp-json\/wp\/v2\/product_brand?post=3687653"},{"taxonomy":"product_cat","embeddable":true,"href":"https:\/\/stoic-curie.212-227-153-4.plesk.page\/hr\/wp-json\/wp\/v2\/product_cat?post=3687653"},{"taxonomy":"product_tag","embeddable":true,"href":"https:\/\/stoic-curie.212-227-153-4.plesk.page\/hr\/wp-json\/wp\/v2\/product_tag?post=3687653"}],"curies":[{"name":"wp","href":"https:\/\/api.w.org\/{rel}","templated":true}]}}