{"id":3687669,"date":"2025-10-13T13:30:40","date_gmt":"2025-10-13T17:30:40","guid":{"rendered":"https:\/\/stoic-curie.212-227-153-4.plesk.page\/product\/crna-plasticna-bitva-za-vez-180-x-44mm\/"},"modified":"2026-02-25T00:00:42","modified_gmt":"2026-02-25T00:00:42","slug":"crna-plasticna-bitva-za-vez-180-x-44mm","status":"publish","type":"product","link":"https:\/\/stoic-curie.212-227-153-4.plesk.page\/hr\/product\/crna-plasticna-bitva-za-vez-180-x-44mm\/","title":{"rendered":"Crna plasticna bitva za vez 180 x 44mm"},"content":{"rendered":"<p>Crna plasticna bitva za vez 180 x 44mm &#8211; <\/p>\n<p>Ravni anvil oblikovani crni plasti\u010dni klije\u0161ta za vezivanje. 2 prolazne monta\u017ene rupe s uskom bazom.<\/p>\n","protected":false},"excerpt":{"rendered":"<p>Crna plasticna bitva za vez 180 x 44mm &#8211; Ravni anvil oblikovani crni plasti\u010dni klije\u0161ta za vezivanje. 2 prolazne monta\u017ene<\/p>\n","protected":false},"featured_media":5938392,"comment_status":"closed","ping_status":"closed","template":"","meta":[],"product_brand":[3211],"product_cat":[1704],"product_tag":[],"class_list":{"0":"post-3687669","1":"product","2":"type-product","3":"status-publish","4":"has-post-thumbnail","6":"product_brand-nuova-rade-hr","7":"product_cat-palubne-kljune","9":"first","10":"instock","11":"shipping-taxable","12":"purchasable","13":"product-type-simple"},"_links":{"self":[{"href":"https:\/\/stoic-curie.212-227-153-4.plesk.page\/hr\/wp-json\/wp\/v2\/product\/3687669","targetHints":{"allow":["GET"]}}],"collection":[{"href":"https:\/\/stoic-curie.212-227-153-4.plesk.page\/hr\/wp-json\/wp\/v2\/product"}],"about":[{"href":"https:\/\/stoic-curie.212-227-153-4.plesk.page\/hr\/wp-json\/wp\/v2\/types\/product"}],"replies":[{"embeddable":true,"href":"https:\/\/stoic-curie.212-227-153-4.plesk.page\/hr\/wp-json\/wp\/v2\/comments?post=3687669"}],"version-history":[{"count":0,"href":"https:\/\/stoic-curie.212-227-153-4.plesk.page\/hr\/wp-json\/wp\/v2\/product\/3687669\/revisions"}],"wp:featuredmedia":[{"embeddable":true,"href":"https:\/\/stoic-curie.212-227-153-4.plesk.page\/hr\/wp-json\/wp\/v2\/media\/5938392"}],"wp:attachment":[{"href":"https:\/\/stoic-curie.212-227-153-4.plesk.page\/hr\/wp-json\/wp\/v2\/media?parent=3687669"}],"wp:term":[{"taxonomy":"product_brand","embeddable":true,"href":"https:\/\/stoic-curie.212-227-153-4.plesk.page\/hr\/wp-json\/wp\/v2\/product_brand?post=3687669"},{"taxonomy":"product_cat","embeddable":true,"href":"https:\/\/stoic-curie.212-227-153-4.plesk.page\/hr\/wp-json\/wp\/v2\/product_cat?post=3687669"},{"taxonomy":"product_tag","embeddable":true,"href":"https:\/\/stoic-curie.212-227-153-4.plesk.page\/hr\/wp-json\/wp\/v2\/product_tag?post=3687669"}],"curies":[{"name":"wp","href":"https:\/\/api.w.org\/{rel}","templated":true}]}}