{"id":3687673,"date":"2025-10-13T13:30:41","date_gmt":"2025-10-13T17:30:41","guid":{"rendered":"https:\/\/stoic-curie.212-227-153-4.plesk.page\/product\/palubna-bitva-model-hollow-125mm-nehrdajuci-celik\/"},"modified":"2026-02-25T00:00:42","modified_gmt":"2026-02-25T00:00:42","slug":"palubna-bitva-model-hollow-125mm-nehrdajuci-celik","status":"publish","type":"product","link":"https:\/\/stoic-curie.212-227-153-4.plesk.page\/hr\/product\/palubna-bitva-model-hollow-125mm-nehrdajuci-celik\/","title":{"rendered":"Palubna bitva, Model Hollow, 125mm, nehr\u0111aju\u0107i \u010delik"},"content":{"rendered":"<p>Palubna bitva, Model Hollow, 125mm, nehr\u0111aju\u0107i \u010delik &#8211; <\/p>\n<p>316 nehr\u0111aju\u0107i \u010delik s ogledalom, okrugli \u0161tapni \u010damac. 4 monta\u017ene rupe u \u0161upljoj osnovi.<\/p>\n","protected":false},"excerpt":{"rendered":"<p>Palubna bitva, Model Hollow, 125mm, nehr\u0111aju\u0107i \u010delik &#8211; 316 nehr\u0111aju\u0107i \u010delik s ogledalom, okrugli \u0161tapni \u010damac. 4 monta\u017ene rupe u<\/p>\n","protected":false},"featured_media":5938395,"comment_status":"closed","ping_status":"closed","template":"","meta":[],"product_brand":[3121],"product_cat":[1704],"product_tag":[],"class_list":{"0":"post-3687673","1":"product","2":"type-product","3":"status-publish","4":"has-post-thumbnail","6":"product_brand-marinetech-hr","7":"product_cat-palubne-kljune","9":"first","10":"instock","11":"shipping-taxable","12":"purchasable","13":"product-type-simple"},"_links":{"self":[{"href":"https:\/\/stoic-curie.212-227-153-4.plesk.page\/hr\/wp-json\/wp\/v2\/product\/3687673","targetHints":{"allow":["GET"]}}],"collection":[{"href":"https:\/\/stoic-curie.212-227-153-4.plesk.page\/hr\/wp-json\/wp\/v2\/product"}],"about":[{"href":"https:\/\/stoic-curie.212-227-153-4.plesk.page\/hr\/wp-json\/wp\/v2\/types\/product"}],"replies":[{"embeddable":true,"href":"https:\/\/stoic-curie.212-227-153-4.plesk.page\/hr\/wp-json\/wp\/v2\/comments?post=3687673"}],"version-history":[{"count":0,"href":"https:\/\/stoic-curie.212-227-153-4.plesk.page\/hr\/wp-json\/wp\/v2\/product\/3687673\/revisions"}],"wp:featuredmedia":[{"embeddable":true,"href":"https:\/\/stoic-curie.212-227-153-4.plesk.page\/hr\/wp-json\/wp\/v2\/media\/5938395"}],"wp:attachment":[{"href":"https:\/\/stoic-curie.212-227-153-4.plesk.page\/hr\/wp-json\/wp\/v2\/media?parent=3687673"}],"wp:term":[{"taxonomy":"product_brand","embeddable":true,"href":"https:\/\/stoic-curie.212-227-153-4.plesk.page\/hr\/wp-json\/wp\/v2\/product_brand?post=3687673"},{"taxonomy":"product_cat","embeddable":true,"href":"https:\/\/stoic-curie.212-227-153-4.plesk.page\/hr\/wp-json\/wp\/v2\/product_cat?post=3687673"},{"taxonomy":"product_tag","embeddable":true,"href":"https:\/\/stoic-curie.212-227-153-4.plesk.page\/hr\/wp-json\/wp\/v2\/product_tag?post=3687673"}],"curies":[{"name":"wp","href":"https:\/\/api.w.org\/{rel}","templated":true}]}}