{"id":3687692,"date":"2025-10-13T13:30:46","date_gmt":"2025-10-13T17:30:46","guid":{"rendered":"https:\/\/stoic-curie.212-227-153-4.plesk.page\/product\/prolazna-cijev-138x62mm-nehrdajuci-celik\/"},"modified":"2026-02-25T00:00:42","modified_gmt":"2026-02-25T00:00:42","slug":"prolazna-cijev-138x62mm-nehrdajuci-celik","status":"publish","type":"product","link":"https:\/\/stoic-curie.212-227-153-4.plesk.page\/hr\/product\/prolazna-cijev-138x62mm-nehrdajuci-celik\/","title":{"rendered":"Prolazna cijev 138x62mm nehr\u0111aju\u0107i \u010delik"},"content":{"rendered":"<p>Prolazna cijev 138x62mm nehr\u0111aju\u0107i \u010delik &#8211; <\/p>\n<p>Hawse cijev od nehr\u0111aju\u0107eg \u010delika. Nav height se odnosi na ugra\u0111eni element.<\/p>\n","protected":false},"excerpt":{"rendered":"<p>Prolazna cijev 138x62mm nehr\u0111aju\u0107i \u010delik &#8211; Hawse cijev od nehr\u0111aju\u0107eg \u010delika. Nav height se odnosi na ugra\u0111eni element.<\/p>\n","protected":false},"featured_media":5938420,"comment_status":"closed","ping_status":"closed","template":"","meta":[],"product_brand":[3121],"product_cat":[1677],"product_tag":[],"class_list":{"0":"post-3687692","1":"product","2":"type-product","3":"status-publish","4":"has-post-thumbnail","6":"product_brand-marinetech-hr","7":"product_cat-palubne-zjevace","9":"first","10":"instock","11":"shipping-taxable","12":"purchasable","13":"product-type-simple"},"_links":{"self":[{"href":"https:\/\/stoic-curie.212-227-153-4.plesk.page\/hr\/wp-json\/wp\/v2\/product\/3687692","targetHints":{"allow":["GET"]}}],"collection":[{"href":"https:\/\/stoic-curie.212-227-153-4.plesk.page\/hr\/wp-json\/wp\/v2\/product"}],"about":[{"href":"https:\/\/stoic-curie.212-227-153-4.plesk.page\/hr\/wp-json\/wp\/v2\/types\/product"}],"replies":[{"embeddable":true,"href":"https:\/\/stoic-curie.212-227-153-4.plesk.page\/hr\/wp-json\/wp\/v2\/comments?post=3687692"}],"version-history":[{"count":0,"href":"https:\/\/stoic-curie.212-227-153-4.plesk.page\/hr\/wp-json\/wp\/v2\/product\/3687692\/revisions"}],"wp:featuredmedia":[{"embeddable":true,"href":"https:\/\/stoic-curie.212-227-153-4.plesk.page\/hr\/wp-json\/wp\/v2\/media\/5938420"}],"wp:attachment":[{"href":"https:\/\/stoic-curie.212-227-153-4.plesk.page\/hr\/wp-json\/wp\/v2\/media?parent=3687692"}],"wp:term":[{"taxonomy":"product_brand","embeddable":true,"href":"https:\/\/stoic-curie.212-227-153-4.plesk.page\/hr\/wp-json\/wp\/v2\/product_brand?post=3687692"},{"taxonomy":"product_cat","embeddable":true,"href":"https:\/\/stoic-curie.212-227-153-4.plesk.page\/hr\/wp-json\/wp\/v2\/product_cat?post=3687692"},{"taxonomy":"product_tag","embeddable":true,"href":"https:\/\/stoic-curie.212-227-153-4.plesk.page\/hr\/wp-json\/wp\/v2\/product_tag?post=3687692"}],"curies":[{"name":"wp","href":"https:\/\/api.w.org\/{rel}","templated":true}]}}