{"id":3687695,"date":"2025-10-13T13:30:47","date_gmt":"2025-10-13T17:30:47","guid":{"rendered":"https:\/\/stoic-curie.212-227-153-4.plesk.page\/product\/lancani-stoper-od-nehrdajuceg-celika-lanac-8-10mm\/"},"modified":"2026-02-25T00:00:42","modified_gmt":"2026-02-25T00:00:42","slug":"lancani-stoper-od-nehrdajuceg-celika-lanac-8-10mm","status":"publish","type":"product","link":"https:\/\/stoic-curie.212-227-153-4.plesk.page\/hr\/product\/lancani-stoper-od-nehrdajuceg-celika-lanac-8-10mm\/","title":{"rendered":"Lancani \u0161toper od nehr\u0111aju\u0107eg \u010delika (lanac 8-10mm)"},"content":{"rendered":"<p>Lancani \u0161toper od nehr\u0111aju\u0107eg \u010delika (lanac 8-10mm) &#8211; <\/p>\n<p>Zaustavlja\u010d od nehr\u0111aju\u0107eg \u010delika koji dr\u017ei sidro i lanac na mjestu kada su ute\u017eeni. Osloba\u0111a napetost iz vitla, produ\u017euju\u0107i njegovu vijek trajanja, a tako\u0111er omogu\u0107uje vaganje druge sidre ili kori\u0161tenje vitla kao kapstana.<\/p>\n","protected":false},"excerpt":{"rendered":"<p>Lancani \u0161toper od nehr\u0111aju\u0107eg \u010delika (lanac 8-10mm) &#8211; Zaustavlja\u010d od nehr\u0111aju\u0107eg \u010delika koji dr\u017ei sidro i lanac na mjestu kada<\/p>\n","protected":false},"featured_media":5938424,"comment_status":"closed","ping_status":"closed","template":"","meta":[],"product_brand":[3121],"product_cat":[1620,1619,1709],"product_tag":[],"class_list":{"0":"post-3687695","1":"product","2":"type-product","3":"status-publish","4":"has-post-thumbnail","6":"product_brand-marinetech-hr","7":"product_cat-kalibrirani-lanac-od-nehrdajuceg-celika","8":"product_cat-kalibrirani-lanac-pocincan","9":"product_cat-pramcane-koloture","11":"first","12":"instock","13":"shipping-taxable","14":"purchasable","15":"product-type-simple"},"_links":{"self":[{"href":"https:\/\/stoic-curie.212-227-153-4.plesk.page\/hr\/wp-json\/wp\/v2\/product\/3687695","targetHints":{"allow":["GET"]}}],"collection":[{"href":"https:\/\/stoic-curie.212-227-153-4.plesk.page\/hr\/wp-json\/wp\/v2\/product"}],"about":[{"href":"https:\/\/stoic-curie.212-227-153-4.plesk.page\/hr\/wp-json\/wp\/v2\/types\/product"}],"replies":[{"embeddable":true,"href":"https:\/\/stoic-curie.212-227-153-4.plesk.page\/hr\/wp-json\/wp\/v2\/comments?post=3687695"}],"version-history":[{"count":0,"href":"https:\/\/stoic-curie.212-227-153-4.plesk.page\/hr\/wp-json\/wp\/v2\/product\/3687695\/revisions"}],"wp:featuredmedia":[{"embeddable":true,"href":"https:\/\/stoic-curie.212-227-153-4.plesk.page\/hr\/wp-json\/wp\/v2\/media\/5938424"}],"wp:attachment":[{"href":"https:\/\/stoic-curie.212-227-153-4.plesk.page\/hr\/wp-json\/wp\/v2\/media?parent=3687695"}],"wp:term":[{"taxonomy":"product_brand","embeddable":true,"href":"https:\/\/stoic-curie.212-227-153-4.plesk.page\/hr\/wp-json\/wp\/v2\/product_brand?post=3687695"},{"taxonomy":"product_cat","embeddable":true,"href":"https:\/\/stoic-curie.212-227-153-4.plesk.page\/hr\/wp-json\/wp\/v2\/product_cat?post=3687695"},{"taxonomy":"product_tag","embeddable":true,"href":"https:\/\/stoic-curie.212-227-153-4.plesk.page\/hr\/wp-json\/wp\/v2\/product_tag?post=3687695"}],"curies":[{"name":"wp","href":"https:\/\/api.w.org\/{rel}","templated":true}]}}