{"id":3687700,"date":"2025-10-13T13:30:49","date_gmt":"2025-10-13T17:30:49","guid":{"rendered":"https:\/\/stoic-curie.212-227-153-4.plesk.page\/product\/mz-ploca-prekidaca-gore-dolje-12-24v\/"},"modified":"2026-02-25T00:00:42","modified_gmt":"2026-02-25T00:00:42","slug":"mz-ploca-prekidaca-gore-dolje-12-24v","status":"publish","type":"product","link":"https:\/\/stoic-curie.212-227-153-4.plesk.page\/hr\/product\/mz-ploca-prekidaca-gore-dolje-12-24v\/","title":{"rendered":"Mz plo\u010da prekida\u010da gore-dolje 12\/24V"},"content":{"rendered":"<p>Mz plo\u010da prekida\u010da gore-dolje 12\/24V &#8211; <\/p>\n<p>Uklju\u010divanje-Isklju\u010divanje prekida\u010dki panel. ABS panel s vodootpornim brtvom.<\/p>\n","protected":false},"excerpt":{"rendered":"<p>Mz plo\u010da prekida\u010da gore-dolje 12\/24V &#8211; Uklju\u010divanje-Isklju\u010divanje prekida\u010dki panel. ABS panel s vodootpornim brtvom.<\/p>\n","protected":false},"featured_media":5938486,"comment_status":"closed","ping_status":"closed","template":"","meta":[],"product_brand":[3161],"product_cat":[1611],"product_tag":[],"class_list":{"0":"post-3687700","1":"product","2":"type-product","3":"status-publish","4":"has-post-thumbnail","6":"product_brand-mz-electronic-hr","7":"product_cat-vitla-quick","9":"first","10":"instock","11":"shipping-taxable","12":"purchasable","13":"product-type-simple"},"_links":{"self":[{"href":"https:\/\/stoic-curie.212-227-153-4.plesk.page\/hr\/wp-json\/wp\/v2\/product\/3687700","targetHints":{"allow":["GET"]}}],"collection":[{"href":"https:\/\/stoic-curie.212-227-153-4.plesk.page\/hr\/wp-json\/wp\/v2\/product"}],"about":[{"href":"https:\/\/stoic-curie.212-227-153-4.plesk.page\/hr\/wp-json\/wp\/v2\/types\/product"}],"replies":[{"embeddable":true,"href":"https:\/\/stoic-curie.212-227-153-4.plesk.page\/hr\/wp-json\/wp\/v2\/comments?post=3687700"}],"version-history":[{"count":0,"href":"https:\/\/stoic-curie.212-227-153-4.plesk.page\/hr\/wp-json\/wp\/v2\/product\/3687700\/revisions"}],"wp:featuredmedia":[{"embeddable":true,"href":"https:\/\/stoic-curie.212-227-153-4.plesk.page\/hr\/wp-json\/wp\/v2\/media\/5938486"}],"wp:attachment":[{"href":"https:\/\/stoic-curie.212-227-153-4.plesk.page\/hr\/wp-json\/wp\/v2\/media?parent=3687700"}],"wp:term":[{"taxonomy":"product_brand","embeddable":true,"href":"https:\/\/stoic-curie.212-227-153-4.plesk.page\/hr\/wp-json\/wp\/v2\/product_brand?post=3687700"},{"taxonomy":"product_cat","embeddable":true,"href":"https:\/\/stoic-curie.212-227-153-4.plesk.page\/hr\/wp-json\/wp\/v2\/product_cat?post=3687700"},{"taxonomy":"product_tag","embeddable":true,"href":"https:\/\/stoic-curie.212-227-153-4.plesk.page\/hr\/wp-json\/wp\/v2\/product_tag?post=3687700"}],"curies":[{"name":"wp","href":"https:\/\/api.w.org\/{rel}","templated":true}]}}