{"id":3687705,"date":"2025-10-13T13:30:50","date_gmt":"2025-10-13T17:30:50","guid":{"rendered":"https:\/\/stoic-curie.212-227-153-4.plesk.page\/product\/rezervna-baza-za-rucni-toalet-manual-johnson-aquat\/"},"modified":"2026-02-25T00:00:43","modified_gmt":"2026-02-25T00:00:43","slug":"rezervna-baza-za-rucni-toalet-manual-johnson-aquat","status":"publish","type":"product","link":"https:\/\/stoic-curie.212-227-153-4.plesk.page\/hr\/product\/rezervna-baza-za-rucni-toalet-manual-johnson-aquat\/","title":{"rendered":"Rezervna baza za rucni toalet Manual Johnson AquaT"},"content":{"rendered":"<p>Rezervna baza za rucni toalet Manual Johnson AquaT &#8211; <\/p>\n<p>Toalet Johnson AquaT opremljen je ergonomskom dvodjelnom samopro\u010di\u0161\u0107avaju\u0107om ru\u010dnom pumpom koja se mo\u017ee montirati s desne ili lijeve strane. Radi s slatkom i slanom vodom i mo\u017ee se montirati iznad ili ispod vodene linije. Dostupno u tri modela: \u00e2\u0080\u00a2 Kompaktno \u00e2\u0080\u0093 manjih dimenzija za ograni\u010dene prostore s okruglim sjedi\u0161tem \u00e2\u0080\u00a2 Udobnost \u00e2\u0080\u0093 ve\u0107e i udobnije s ovalnim sjedi\u0161tem \u00e2\u0080\u00a2 Super kompakt &#8211; manji i lak\u0161i s okruglim sjedi\u0161tem. Izra\u0111en od iznimno kvalitetne bijele vitreous porculane za savr\u0161enu higijenu. Prakti\u010dan, tih i pouzdan. Sna\u017eno vrtlo\u017eeno djelovanje za u\u010dinkovito ispiranje. Voditelj klipa od mesinga za pove\u0107anu trajnost. Zatvaranje gornjeg ventila s oprugom za lak\u0161e primanje. Dvostruki povratni ventili s punom 38 mm (1 1\/2&#8243;) otvorom za sprje\u010davanje povratka. Multi-kutni izlaz za ve\u0107u slobodu instalacije. Duboko zatvorena baza \u010depa za zimski odvod i lak\u0161i pristup \u010di\u0161\u0107enju. Pristupa\u010dne monta\u017ene to\u010dke za br\u017eu instalaciju bez posebnih alata. Fleksibilan uzorak rupa na bazi, za jednostavnu zamjenu s naj\u010de\u0161\u0107im WC-ima na tr\u017ei\u0161tu. Ulaz \u00c3\u00b8 20 mm (3\/4\u00e2\u0080\u009d), izlaz \u00c3\u00b8 38 mm (1\u00e2\u0080\u009d 1\/2). Garancija od 3 godine.<\/p>\n","protected":false},"excerpt":{"rendered":"<p>Rezervna baza za rucni toalet Manual Johnson AquaT &#8211; Toalet Johnson AquaT opremljen je ergonomskom dvodjelnom samopro\u010di\u0161\u0107avaju\u0107om ru\u010dnom pumpom koja<\/p>\n","protected":false},"featured_media":5938545,"comment_status":"closed","ping_status":"closed","template":"","meta":[],"product_brand":[3046],"product_cat":[1675],"product_tag":[],"class_list":{"0":"post-3687705","1":"product","2":"type-product","3":"status-publish","4":"has-post-thumbnail","6":"product_brand-johnson-marine-hr","7":"product_cat-brodski-wc","9":"first","10":"instock","11":"shipping-taxable","12":"purchasable","13":"product-type-simple"},"_links":{"self":[{"href":"https:\/\/stoic-curie.212-227-153-4.plesk.page\/hr\/wp-json\/wp\/v2\/product\/3687705","targetHints":{"allow":["GET"]}}],"collection":[{"href":"https:\/\/stoic-curie.212-227-153-4.plesk.page\/hr\/wp-json\/wp\/v2\/product"}],"about":[{"href":"https:\/\/stoic-curie.212-227-153-4.plesk.page\/hr\/wp-json\/wp\/v2\/types\/product"}],"replies":[{"embeddable":true,"href":"https:\/\/stoic-curie.212-227-153-4.plesk.page\/hr\/wp-json\/wp\/v2\/comments?post=3687705"}],"version-history":[{"count":0,"href":"https:\/\/stoic-curie.212-227-153-4.plesk.page\/hr\/wp-json\/wp\/v2\/product\/3687705\/revisions"}],"wp:featuredmedia":[{"embeddable":true,"href":"https:\/\/stoic-curie.212-227-153-4.plesk.page\/hr\/wp-json\/wp\/v2\/media\/5938545"}],"wp:attachment":[{"href":"https:\/\/stoic-curie.212-227-153-4.plesk.page\/hr\/wp-json\/wp\/v2\/media?parent=3687705"}],"wp:term":[{"taxonomy":"product_brand","embeddable":true,"href":"https:\/\/stoic-curie.212-227-153-4.plesk.page\/hr\/wp-json\/wp\/v2\/product_brand?post=3687705"},{"taxonomy":"product_cat","embeddable":true,"href":"https:\/\/stoic-curie.212-227-153-4.plesk.page\/hr\/wp-json\/wp\/v2\/product_cat?post=3687705"},{"taxonomy":"product_tag","embeddable":true,"href":"https:\/\/stoic-curie.212-227-153-4.plesk.page\/hr\/wp-json\/wp\/v2\/product_tag?post=3687705"}],"curies":[{"name":"wp","href":"https:\/\/api.w.org\/{rel}","templated":true}]}}