{"id":3687710,"date":"2025-10-13T13:30:52","date_gmt":"2025-10-13T17:30:52","guid":{"rendered":"https:\/\/stoic-curie.212-227-153-4.plesk.page\/product\/obujmica-od-nehrdajuceg-celika-i-gume-16-mm\/"},"modified":"2026-02-25T00:00:43","modified_gmt":"2026-02-25T00:00:43","slug":"obujmica-od-nehrdajuceg-celika-i-gume-16-mm","status":"publish","type":"product","link":"https:\/\/stoic-curie.212-227-153-4.plesk.page\/hr\/product\/obujmica-od-nehrdajuceg-celika-i-gume-16-mm\/","title":{"rendered":"Obujmica od nehr\u0111aju\u0107eg \u010delika i gume 16 mm"},"content":{"rendered":"<p>Obujmica od nehr\u0111aju\u0107eg \u010delika i gume 16 mm &#8211; <\/p>\n<p>Steznik od gume za u\u010dvr\u0161\u0107ivanje i fiksiranje svih vrsta crijeva, cijevi i \u017eica. <br \/> Traka od nehr\u0111aju\u0107eg \u010delika 304.<\/p>\n","protected":false},"excerpt":{"rendered":"<p>Obujmica od nehr\u0111aju\u0107eg \u010delika i gume 16 mm &#8211; Steznik od gume za u\u010dvr\u0161\u0107ivanje i fiksiranje svih vrsta crijeva, cijevi<\/p>\n","protected":false},"featured_media":5935714,"comment_status":"closed","ping_status":"closed","template":"","meta":[],"product_brand":[3356],"product_cat":[1674],"product_tag":[],"class_list":{"0":"post-3687710","1":"product","2":"type-product","3":"status-publish","4":"has-post-thumbnail","6":"product_brand-seaflow-hr","7":"product_cat-stezaljke-za-crijeva","9":"first","10":"instock","11":"shipping-taxable","12":"purchasable","13":"product-type-simple"},"_links":{"self":[{"href":"https:\/\/stoic-curie.212-227-153-4.plesk.page\/hr\/wp-json\/wp\/v2\/product\/3687710","targetHints":{"allow":["GET"]}}],"collection":[{"href":"https:\/\/stoic-curie.212-227-153-4.plesk.page\/hr\/wp-json\/wp\/v2\/product"}],"about":[{"href":"https:\/\/stoic-curie.212-227-153-4.plesk.page\/hr\/wp-json\/wp\/v2\/types\/product"}],"replies":[{"embeddable":true,"href":"https:\/\/stoic-curie.212-227-153-4.plesk.page\/hr\/wp-json\/wp\/v2\/comments?post=3687710"}],"version-history":[{"count":0,"href":"https:\/\/stoic-curie.212-227-153-4.plesk.page\/hr\/wp-json\/wp\/v2\/product\/3687710\/revisions"}],"wp:featuredmedia":[{"embeddable":true,"href":"https:\/\/stoic-curie.212-227-153-4.plesk.page\/hr\/wp-json\/wp\/v2\/media\/5935714"}],"wp:attachment":[{"href":"https:\/\/stoic-curie.212-227-153-4.plesk.page\/hr\/wp-json\/wp\/v2\/media?parent=3687710"}],"wp:term":[{"taxonomy":"product_brand","embeddable":true,"href":"https:\/\/stoic-curie.212-227-153-4.plesk.page\/hr\/wp-json\/wp\/v2\/product_brand?post=3687710"},{"taxonomy":"product_cat","embeddable":true,"href":"https:\/\/stoic-curie.212-227-153-4.plesk.page\/hr\/wp-json\/wp\/v2\/product_cat?post=3687710"},{"taxonomy":"product_tag","embeddable":true,"href":"https:\/\/stoic-curie.212-227-153-4.plesk.page\/hr\/wp-json\/wp\/v2\/product_tag?post=3687710"}],"curies":[{"name":"wp","href":"https:\/\/api.w.org\/{rel}","templated":true}]}}