{"id":3687740,"date":"2025-10-13T13:30:59","date_gmt":"2025-10-13T17:30:59","guid":{"rendered":"https:\/\/stoic-curie.212-227-153-4.plesk.page\/product\/113-121-mm-obujmica-za-crijevo-za-teske-uvjete-rada-od-nehrdajuceg-celika\/"},"modified":"2026-02-25T00:00:43","modified_gmt":"2026-02-25T00:00:43","slug":"113-121-mm-obujmica-za-crijevo-za-teske-uvjete-rada-od-nehrdajuceg-celika","status":"publish","type":"product","link":"https:\/\/stoic-curie.212-227-153-4.plesk.page\/hr\/product\/113-121-mm-obujmica-za-crijevo-za-teske-uvjete-rada-od-nehrdajuceg-celika\/","title":{"rendered":"113-121 mm obujmica za crijevo za te\u0161ke uvjete rada od nehr\u0111aju\u0107eg \u010delika"},"content":{"rendered":"<p>113-121 mm obujmica za crijevo za te\u0161ke uvjete rada od nehr\u0111aju\u0107eg \u010delika &#8211; <\/p>\n<p>Profesionalna superclamp stegna za te\u0161ke uvjete rada s vi\u0161e od 5 puta ve\u0107im zadr\u017eavanjem spoja u usporedbi sa standardnim stegnama. Traka, vijak i maticu od 316 nehr\u0111aju\u0107eg \u010delika.<\/p>\n","protected":false},"excerpt":{"rendered":"<p>113-121 mm obujmica za crijevo za te\u0161ke uvjete rada od nehr\u0111aju\u0107eg \u010delika &#8211; Profesionalna superclamp stegna za te\u0161ke uvjete rada<\/p>\n","protected":false},"featured_media":5938610,"comment_status":"closed","ping_status":"closed","template":"","meta":[],"product_brand":[3356],"product_cat":[1674],"product_tag":[],"class_list":{"0":"post-3687740","1":"product","2":"type-product","3":"status-publish","4":"has-post-thumbnail","6":"product_brand-seaflow-hr","7":"product_cat-stezaljke-za-crijeva","9":"first","10":"instock","11":"shipping-taxable","12":"purchasable","13":"product-type-simple"},"_links":{"self":[{"href":"https:\/\/stoic-curie.212-227-153-4.plesk.page\/hr\/wp-json\/wp\/v2\/product\/3687740","targetHints":{"allow":["GET"]}}],"collection":[{"href":"https:\/\/stoic-curie.212-227-153-4.plesk.page\/hr\/wp-json\/wp\/v2\/product"}],"about":[{"href":"https:\/\/stoic-curie.212-227-153-4.plesk.page\/hr\/wp-json\/wp\/v2\/types\/product"}],"replies":[{"embeddable":true,"href":"https:\/\/stoic-curie.212-227-153-4.plesk.page\/hr\/wp-json\/wp\/v2\/comments?post=3687740"}],"version-history":[{"count":0,"href":"https:\/\/stoic-curie.212-227-153-4.plesk.page\/hr\/wp-json\/wp\/v2\/product\/3687740\/revisions"}],"wp:featuredmedia":[{"embeddable":true,"href":"https:\/\/stoic-curie.212-227-153-4.plesk.page\/hr\/wp-json\/wp\/v2\/media\/5938610"}],"wp:attachment":[{"href":"https:\/\/stoic-curie.212-227-153-4.plesk.page\/hr\/wp-json\/wp\/v2\/media?parent=3687740"}],"wp:term":[{"taxonomy":"product_brand","embeddable":true,"href":"https:\/\/stoic-curie.212-227-153-4.plesk.page\/hr\/wp-json\/wp\/v2\/product_brand?post=3687740"},{"taxonomy":"product_cat","embeddable":true,"href":"https:\/\/stoic-curie.212-227-153-4.plesk.page\/hr\/wp-json\/wp\/v2\/product_cat?post=3687740"},{"taxonomy":"product_tag","embeddable":true,"href":"https:\/\/stoic-curie.212-227-153-4.plesk.page\/hr\/wp-json\/wp\/v2\/product_tag?post=3687740"}],"curies":[{"name":"wp","href":"https:\/\/api.w.org\/{rel}","templated":true}]}}