{"id":3687743,"date":"2025-10-13T13:30:59","date_gmt":"2025-10-13T17:30:59","guid":{"rendered":"https:\/\/stoic-curie.212-227-153-4.plesk.page\/product\/140-148mm-obujmica-za-crijevo-za-teske-uvjete-rada-od-nehrdajuceg-celika\/"},"modified":"2026-02-25T00:00:43","modified_gmt":"2026-02-25T00:00:43","slug":"140-148mm-obujmica-za-crijevo-za-teske-uvjete-rada-od-nehrdajuceg-celika","status":"publish","type":"product","link":"https:\/\/stoic-curie.212-227-153-4.plesk.page\/hr\/product\/140-148mm-obujmica-za-crijevo-za-teske-uvjete-rada-od-nehrdajuceg-celika\/","title":{"rendered":"140-148mm obujmica za crijevo za te\u0161ke uvjete rada od nehr\u0111aju\u0107eg \u010delika"},"content":{"rendered":"<p>140-148mm obujmica za crijevo za te\u0161ke uvjete rada od nehr\u0111aju\u0107eg \u010delika &#8211; <\/p>\n<p>Profesionalna superklemna spona visoke \u010dvrsto\u0107e s vi\u0161e od pet puta ve\u0107om zadr\u017eavanjem spajanja od standardnih steznih spojeva. Traka, vijak i matica od nehr\u0111aju\u0107eg \u010delika 316.<\/p>\n","protected":false},"excerpt":{"rendered":"<p>140-148mm obujmica za crijevo za te\u0161ke uvjete rada od nehr\u0111aju\u0107eg \u010delika &#8211; Profesionalna superklemna spona visoke \u010dvrsto\u0107e s vi\u0161e od<\/p>\n","protected":false},"featured_media":5938610,"comment_status":"closed","ping_status":"closed","template":"","meta":[],"product_brand":[3356],"product_cat":[1674],"product_tag":[],"class_list":{"0":"post-3687743","1":"product","2":"type-product","3":"status-publish","4":"has-post-thumbnail","6":"product_brand-seaflow-hr","7":"product_cat-stezaljke-za-crijeva","9":"first","10":"instock","11":"shipping-taxable","12":"purchasable","13":"product-type-simple"},"_links":{"self":[{"href":"https:\/\/stoic-curie.212-227-153-4.plesk.page\/hr\/wp-json\/wp\/v2\/product\/3687743","targetHints":{"allow":["GET"]}}],"collection":[{"href":"https:\/\/stoic-curie.212-227-153-4.plesk.page\/hr\/wp-json\/wp\/v2\/product"}],"about":[{"href":"https:\/\/stoic-curie.212-227-153-4.plesk.page\/hr\/wp-json\/wp\/v2\/types\/product"}],"replies":[{"embeddable":true,"href":"https:\/\/stoic-curie.212-227-153-4.plesk.page\/hr\/wp-json\/wp\/v2\/comments?post=3687743"}],"version-history":[{"count":0,"href":"https:\/\/stoic-curie.212-227-153-4.plesk.page\/hr\/wp-json\/wp\/v2\/product\/3687743\/revisions"}],"wp:featuredmedia":[{"embeddable":true,"href":"https:\/\/stoic-curie.212-227-153-4.plesk.page\/hr\/wp-json\/wp\/v2\/media\/5938610"}],"wp:attachment":[{"href":"https:\/\/stoic-curie.212-227-153-4.plesk.page\/hr\/wp-json\/wp\/v2\/media?parent=3687743"}],"wp:term":[{"taxonomy":"product_brand","embeddable":true,"href":"https:\/\/stoic-curie.212-227-153-4.plesk.page\/hr\/wp-json\/wp\/v2\/product_brand?post=3687743"},{"taxonomy":"product_cat","embeddable":true,"href":"https:\/\/stoic-curie.212-227-153-4.plesk.page\/hr\/wp-json\/wp\/v2\/product_cat?post=3687743"},{"taxonomy":"product_tag","embeddable":true,"href":"https:\/\/stoic-curie.212-227-153-4.plesk.page\/hr\/wp-json\/wp\/v2\/product_tag?post=3687743"}],"curies":[{"name":"wp","href":"https:\/\/api.w.org\/{rel}","templated":true}]}}