{"id":3687823,"date":"2025-10-13T13:31:19","date_gmt":"2025-10-13T17:31:19","guid":{"rendered":"https:\/\/stoic-curie.212-227-153-4.plesk.page\/product\/prolaz-kroz-trup-sa-dugim-navojem-bijeli-33-x-155-mm\/"},"modified":"2026-02-25T00:00:43","modified_gmt":"2026-02-25T00:00:43","slug":"prolaz-kroz-trup-sa-dugim-navojem-bijeli-33-x-155-mm","status":"publish","type":"product","link":"https:\/\/stoic-curie.212-227-153-4.plesk.page\/hr\/product\/prolaz-kroz-trup-sa-dugim-navojem-bijeli-33-x-155-mm\/","title":{"rendered":"Prolaz kroz trup sa dugim navojem, bijeli 33 x 155 mm"},"content":{"rendered":"<p>Prolaz kroz trup sa dugim navojem, bijeli 33 x 155 mm &#8211; <\/p>\n<p>Dugi plasti\u010dni navoji za odvodnjavanje za pro\u0161irive odvodne \u010depove: 1425010\/11\/12\/90\/91-1425114\/15\/16.<\/p>\n","protected":false},"excerpt":{"rendered":"<p>Prolaz kroz trup sa dugim navojem, bijeli 33 x 155 mm &#8211; Dugi plasti\u010dni navoji za odvodnjavanje za pro\u0161irive odvodne<\/p>\n","protected":false},"featured_media":5938650,"comment_status":"closed","ping_status":"closed","template":"","meta":[],"product_brand":[2856],"product_cat":[1666,1661,1667],"product_tag":[],"class_list":{"0":"post-3687823","1":"product","2":"type-product","3":"status-publish","4":"has-post-thumbnail","6":"product_brand-can-marine-hr","7":"product_cat-brodski-prolazi-kroz-trup","8":"product_cat-elementi-brodskog-vovovoda-plastika","9":"product_cat-odvodni-cepovi","11":"first","12":"instock","13":"shipping-taxable","14":"purchasable","15":"product-type-simple"},"_links":{"self":[{"href":"https:\/\/stoic-curie.212-227-153-4.plesk.page\/hr\/wp-json\/wp\/v2\/product\/3687823","targetHints":{"allow":["GET"]}}],"collection":[{"href":"https:\/\/stoic-curie.212-227-153-4.plesk.page\/hr\/wp-json\/wp\/v2\/product"}],"about":[{"href":"https:\/\/stoic-curie.212-227-153-4.plesk.page\/hr\/wp-json\/wp\/v2\/types\/product"}],"replies":[{"embeddable":true,"href":"https:\/\/stoic-curie.212-227-153-4.plesk.page\/hr\/wp-json\/wp\/v2\/comments?post=3687823"}],"version-history":[{"count":0,"href":"https:\/\/stoic-curie.212-227-153-4.plesk.page\/hr\/wp-json\/wp\/v2\/product\/3687823\/revisions"}],"wp:featuredmedia":[{"embeddable":true,"href":"https:\/\/stoic-curie.212-227-153-4.plesk.page\/hr\/wp-json\/wp\/v2\/media\/5938650"}],"wp:attachment":[{"href":"https:\/\/stoic-curie.212-227-153-4.plesk.page\/hr\/wp-json\/wp\/v2\/media?parent=3687823"}],"wp:term":[{"taxonomy":"product_brand","embeddable":true,"href":"https:\/\/stoic-curie.212-227-153-4.plesk.page\/hr\/wp-json\/wp\/v2\/product_brand?post=3687823"},{"taxonomy":"product_cat","embeddable":true,"href":"https:\/\/stoic-curie.212-227-153-4.plesk.page\/hr\/wp-json\/wp\/v2\/product_cat?post=3687823"},{"taxonomy":"product_tag","embeddable":true,"href":"https:\/\/stoic-curie.212-227-153-4.plesk.page\/hr\/wp-json\/wp\/v2\/product_tag?post=3687823"}],"curies":[{"name":"wp","href":"https:\/\/api.w.org\/{rel}","templated":true}]}}