{"id":3687830,"date":"2025-10-13T13:31:34","date_gmt":"2025-10-13T17:31:34","guid":{"rendered":"https:\/\/stoic-curie.212-227-153-4.plesk.page\/product\/cepovi-za-odvode-od-nehrdajuceg-celika-od-50-mm\/"},"modified":"2026-02-25T00:00:43","modified_gmt":"2026-02-25T00:00:43","slug":"cepovi-za-odvode-od-nehrdajuceg-celika-od-50-mm","status":"publish","type":"product","link":"https:\/\/stoic-curie.212-227-153-4.plesk.page\/hr\/product\/cepovi-za-odvode-od-nehrdajuceg-celika-od-50-mm\/","title":{"rendered":"\u010cepovi za odvode od nehr\u0111aju\u0107eg \u010delika od 50 mm"},"content":{"rendered":"<p>\u010cepovi za odvode od nehr\u0111aju\u0107eg \u010delika od 50 mm &#8211; <\/p>\n<p>Odvla\u017ene \u010depove od nehr\u0111aju\u0107eg \u010delika i mesinga.<\/p>\n","protected":false},"excerpt":{"rendered":"<p>\u010cepovi za odvode od nehr\u0111aju\u0107eg \u010delika od 50 mm &#8211; Odvla\u017ene \u010depove od nehr\u0111aju\u0107eg \u010delika i mesinga.<\/p>\n","protected":false},"featured_media":5938658,"comment_status":"closed","ping_status":"closed","template":"","meta":[],"product_brand":[3356],"product_cat":[1667],"product_tag":[],"class_list":{"0":"post-3687830","1":"product","2":"type-product","3":"status-publish","4":"has-post-thumbnail","6":"product_brand-seaflow-hr","7":"product_cat-odvodni-cepovi","9":"first","10":"instock","11":"shipping-taxable","12":"purchasable","13":"product-type-simple"},"_links":{"self":[{"href":"https:\/\/stoic-curie.212-227-153-4.plesk.page\/hr\/wp-json\/wp\/v2\/product\/3687830","targetHints":{"allow":["GET"]}}],"collection":[{"href":"https:\/\/stoic-curie.212-227-153-4.plesk.page\/hr\/wp-json\/wp\/v2\/product"}],"about":[{"href":"https:\/\/stoic-curie.212-227-153-4.plesk.page\/hr\/wp-json\/wp\/v2\/types\/product"}],"replies":[{"embeddable":true,"href":"https:\/\/stoic-curie.212-227-153-4.plesk.page\/hr\/wp-json\/wp\/v2\/comments?post=3687830"}],"version-history":[{"count":0,"href":"https:\/\/stoic-curie.212-227-153-4.plesk.page\/hr\/wp-json\/wp\/v2\/product\/3687830\/revisions"}],"wp:featuredmedia":[{"embeddable":true,"href":"https:\/\/stoic-curie.212-227-153-4.plesk.page\/hr\/wp-json\/wp\/v2\/media\/5938658"}],"wp:attachment":[{"href":"https:\/\/stoic-curie.212-227-153-4.plesk.page\/hr\/wp-json\/wp\/v2\/media?parent=3687830"}],"wp:term":[{"taxonomy":"product_brand","embeddable":true,"href":"https:\/\/stoic-curie.212-227-153-4.plesk.page\/hr\/wp-json\/wp\/v2\/product_brand?post=3687830"},{"taxonomy":"product_cat","embeddable":true,"href":"https:\/\/stoic-curie.212-227-153-4.plesk.page\/hr\/wp-json\/wp\/v2\/product_cat?post=3687830"},{"taxonomy":"product_tag","embeddable":true,"href":"https:\/\/stoic-curie.212-227-153-4.plesk.page\/hr\/wp-json\/wp\/v2\/product_tag?post=3687830"}],"curies":[{"name":"wp","href":"https:\/\/api.w.org\/{rel}","templated":true}]}}