{"id":3687918,"date":"2025-10-13T13:31:56","date_gmt":"2025-10-13T17:31:56","guid":{"rendered":"https:\/\/stoic-curie.212-227-153-4.plesk.page\/product\/mesingana-redukcija-m-f-2-x-1-1-2\/"},"modified":"2026-02-25T00:00:44","modified_gmt":"2026-02-25T00:00:44","slug":"mesingana-redukcija-m-f-2-x-1-1-2","status":"publish","type":"product","link":"https:\/\/stoic-curie.212-227-153-4.plesk.page\/hr\/product\/mesingana-redukcija-m-f-2-x-1-1-2\/","title":{"rendered":"Mesingana redukcija M-F 2&#8243; x 1 1\/2&#8243;"},"content":{"rendered":"<p>Mesingana redukcija M-F 2&#8243; x 1 1\/2&#8243; &#8211; <\/p>\n<p>Mjedena mu\u0161karac-na-\u017eenu \u0161esterokutna cijevna man\u017eeta.<\/p>\n","protected":false},"excerpt":{"rendered":"<p>Mesingana redukcija M-F 2&#8243; x 1 1\/2&#8243; &#8211; Mjedena mu\u0161karac-na-\u017eenu \u0161esterokutna cijevna man\u017eeta.<\/p>\n","protected":false},"featured_media":5938684,"comment_status":"closed","ping_status":"closed","template":"","meta":[],"product_brand":[2996],"product_cat":[1673],"product_tag":[],"class_list":{"0":"post-3687918","1":"product","2":"type-product","3":"status-publish","4":"has-post-thumbnail","6":"product_brand-guidi-marine-hr","7":"product_cat-elementi-brodskog-sustava-vode-mesing","9":"first","10":"instock","11":"shipping-taxable","12":"purchasable","13":"product-type-simple"},"_links":{"self":[{"href":"https:\/\/stoic-curie.212-227-153-4.plesk.page\/hr\/wp-json\/wp\/v2\/product\/3687918","targetHints":{"allow":["GET"]}}],"collection":[{"href":"https:\/\/stoic-curie.212-227-153-4.plesk.page\/hr\/wp-json\/wp\/v2\/product"}],"about":[{"href":"https:\/\/stoic-curie.212-227-153-4.plesk.page\/hr\/wp-json\/wp\/v2\/types\/product"}],"replies":[{"embeddable":true,"href":"https:\/\/stoic-curie.212-227-153-4.plesk.page\/hr\/wp-json\/wp\/v2\/comments?post=3687918"}],"version-history":[{"count":0,"href":"https:\/\/stoic-curie.212-227-153-4.plesk.page\/hr\/wp-json\/wp\/v2\/product\/3687918\/revisions"}],"wp:featuredmedia":[{"embeddable":true,"href":"https:\/\/stoic-curie.212-227-153-4.plesk.page\/hr\/wp-json\/wp\/v2\/media\/5938684"}],"wp:attachment":[{"href":"https:\/\/stoic-curie.212-227-153-4.plesk.page\/hr\/wp-json\/wp\/v2\/media?parent=3687918"}],"wp:term":[{"taxonomy":"product_brand","embeddable":true,"href":"https:\/\/stoic-curie.212-227-153-4.plesk.page\/hr\/wp-json\/wp\/v2\/product_brand?post=3687918"},{"taxonomy":"product_cat","embeddable":true,"href":"https:\/\/stoic-curie.212-227-153-4.plesk.page\/hr\/wp-json\/wp\/v2\/product_cat?post=3687918"},{"taxonomy":"product_tag","embeddable":true,"href":"https:\/\/stoic-curie.212-227-153-4.plesk.page\/hr\/wp-json\/wp\/v2\/product_tag?post=3687918"}],"curies":[{"name":"wp","href":"https:\/\/api.w.org\/{rel}","templated":true}]}}