{"id":3687965,"date":"2025-10-13T13:32:06","date_gmt":"2025-10-13T17:32:06","guid":{"rendered":"https:\/\/stoic-curie.212-227-153-4.plesk.page\/product\/koljeno-od-nehrdajuceg-celika-90-m-f-1-1-4\/"},"modified":"2026-02-25T00:00:44","modified_gmt":"2026-02-25T00:00:44","slug":"koljeno-od-nehrdajuceg-celika-90-m-f-1-1-4","status":"publish","type":"product","link":"https:\/\/stoic-curie.212-227-153-4.plesk.page\/hr\/product\/koljeno-od-nehrdajuceg-celika-90-m-f-1-1-4\/","title":{"rendered":"Koljeno od nehr\u0111aju\u0107eg \u010delika 90\u00b0 M-F 1 1\/4&#8243;"},"content":{"rendered":"<p>Koljeno od nehr\u0111aju\u0107eg \u010delika 90\u00b0 M-F 1 1\/4&#8243; &#8211; <\/p>\n<p>Od teatnala\u010dnog \u010delika, 90\u00b0 kut za mu\u0161ke i \u017eenske priklju\u010dke.<\/p>\n","protected":false},"excerpt":{"rendered":"<p>Koljeno od nehr\u0111aju\u0107eg \u010delika 90\u00b0 M-F 1 1\/4&#8243; &#8211; Od teatnala\u010dnog \u010delika, 90\u00b0 kut za mu\u0161ke i \u017eenske priklju\u010dke.<\/p>\n","protected":false},"featured_media":5938692,"comment_status":"closed","ping_status":"closed","template":"","meta":[],"product_brand":[3356],"product_cat":[1665],"product_tag":[],"class_list":{"0":"post-3687965","1":"product","2":"type-product","3":"status-publish","4":"has-post-thumbnail","6":"product_brand-seaflow-hr","7":"product_cat-brodski-vodovodni-elementi-nehrdajuci","9":"first","10":"outofstock","11":"shipping-taxable","12":"purchasable","13":"product-type-simple"},"_links":{"self":[{"href":"https:\/\/stoic-curie.212-227-153-4.plesk.page\/hr\/wp-json\/wp\/v2\/product\/3687965","targetHints":{"allow":["GET"]}}],"collection":[{"href":"https:\/\/stoic-curie.212-227-153-4.plesk.page\/hr\/wp-json\/wp\/v2\/product"}],"about":[{"href":"https:\/\/stoic-curie.212-227-153-4.plesk.page\/hr\/wp-json\/wp\/v2\/types\/product"}],"replies":[{"embeddable":true,"href":"https:\/\/stoic-curie.212-227-153-4.plesk.page\/hr\/wp-json\/wp\/v2\/comments?post=3687965"}],"version-history":[{"count":0,"href":"https:\/\/stoic-curie.212-227-153-4.plesk.page\/hr\/wp-json\/wp\/v2\/product\/3687965\/revisions"}],"wp:featuredmedia":[{"embeddable":true,"href":"https:\/\/stoic-curie.212-227-153-4.plesk.page\/hr\/wp-json\/wp\/v2\/media\/5938692"}],"wp:attachment":[{"href":"https:\/\/stoic-curie.212-227-153-4.plesk.page\/hr\/wp-json\/wp\/v2\/media?parent=3687965"}],"wp:term":[{"taxonomy":"product_brand","embeddable":true,"href":"https:\/\/stoic-curie.212-227-153-4.plesk.page\/hr\/wp-json\/wp\/v2\/product_brand?post=3687965"},{"taxonomy":"product_cat","embeddable":true,"href":"https:\/\/stoic-curie.212-227-153-4.plesk.page\/hr\/wp-json\/wp\/v2\/product_cat?post=3687965"},{"taxonomy":"product_tag","embeddable":true,"href":"https:\/\/stoic-curie.212-227-153-4.plesk.page\/hr\/wp-json\/wp\/v2\/product_tag?post=3687965"}],"curies":[{"name":"wp","href":"https:\/\/api.w.org\/{rel}","templated":true}]}}