{"id":3688022,"date":"2025-10-13T13:32:20","date_gmt":"2025-10-13T17:32:20","guid":{"rendered":"https:\/\/stoic-curie.212-227-153-4.plesk.page\/product\/polipropilenski-prikljucak-za-crijevo-3-4-x-20-mm\/"},"modified":"2026-02-25T00:00:44","modified_gmt":"2026-02-25T00:00:44","slug":"polipropilenski-prikljucak-za-crijevo-3-4-x-20-mm","status":"publish","type":"product","link":"https:\/\/stoic-curie.212-227-153-4.plesk.page\/hr\/product\/polipropilenski-prikljucak-za-crijevo-3-4-x-20-mm\/","title":{"rendered":"Polipropilenski priklju\u010dak za crijevo 3\/4&#8243; x 20 mm"},"content":{"rendered":"<p>Polipropilenski priklju\u010dak za crijevo 3\/4&#8243; x 20 mm &#8211; <\/p>\n<p>Mu\u0161ka cijev od polipropilena za crijevo. Polipropilenski (PP) priklju\u010dci nude savr\u0161eno rje\u0161enje za nekoliko nauti\u010dkih aplikacija, kako za sustave tlaka vru\u0107e tako i hladne vode. Netoksi\u010dno, otporno na habanje, abraziju i atmosferske agense.<\/p>\n","protected":false},"excerpt":{"rendered":"<p>Polipropilenski priklju\u010dak za crijevo 3\/4&#8243; x 20 mm &#8211; Mu\u0161ka cijev od polipropilena za crijevo. Polipropilenski (PP) priklju\u010dci nude savr\u0161eno<\/p>\n","protected":false},"featured_media":5938701,"comment_status":"closed","ping_status":"closed","template":"","meta":[],"product_brand":[3356],"product_cat":[1661],"product_tag":[],"class_list":{"0":"post-3688022","1":"product","2":"type-product","3":"status-publish","4":"has-post-thumbnail","6":"product_brand-seaflow-hr","7":"product_cat-elementi-brodskog-vovovoda-plastika","9":"first","10":"instock","11":"shipping-taxable","12":"purchasable","13":"product-type-simple"},"_links":{"self":[{"href":"https:\/\/stoic-curie.212-227-153-4.plesk.page\/hr\/wp-json\/wp\/v2\/product\/3688022","targetHints":{"allow":["GET"]}}],"collection":[{"href":"https:\/\/stoic-curie.212-227-153-4.plesk.page\/hr\/wp-json\/wp\/v2\/product"}],"about":[{"href":"https:\/\/stoic-curie.212-227-153-4.plesk.page\/hr\/wp-json\/wp\/v2\/types\/product"}],"replies":[{"embeddable":true,"href":"https:\/\/stoic-curie.212-227-153-4.plesk.page\/hr\/wp-json\/wp\/v2\/comments?post=3688022"}],"version-history":[{"count":0,"href":"https:\/\/stoic-curie.212-227-153-4.plesk.page\/hr\/wp-json\/wp\/v2\/product\/3688022\/revisions"}],"wp:featuredmedia":[{"embeddable":true,"href":"https:\/\/stoic-curie.212-227-153-4.plesk.page\/hr\/wp-json\/wp\/v2\/media\/5938701"}],"wp:attachment":[{"href":"https:\/\/stoic-curie.212-227-153-4.plesk.page\/hr\/wp-json\/wp\/v2\/media?parent=3688022"}],"wp:term":[{"taxonomy":"product_brand","embeddable":true,"href":"https:\/\/stoic-curie.212-227-153-4.plesk.page\/hr\/wp-json\/wp\/v2\/product_brand?post=3688022"},{"taxonomy":"product_cat","embeddable":true,"href":"https:\/\/stoic-curie.212-227-153-4.plesk.page\/hr\/wp-json\/wp\/v2\/product_cat?post=3688022"},{"taxonomy":"product_tag","embeddable":true,"href":"https:\/\/stoic-curie.212-227-153-4.plesk.page\/hr\/wp-json\/wp\/v2\/product_tag?post=3688022"}],"curies":[{"name":"wp","href":"https:\/\/api.w.org\/{rel}","templated":true}]}}