{"id":3688032,"date":"2025-10-13T13:32:23","date_gmt":"2025-10-13T17:32:23","guid":{"rendered":"https:\/\/stoic-curie.212-227-153-4.plesk.page\/product\/polipropilensko-koljeno-m-f-3-4\/"},"modified":"2026-02-25T00:00:44","modified_gmt":"2026-02-25T00:00:44","slug":"polipropilensko-koljeno-m-f-3-4","status":"publish","type":"product","link":"https:\/\/stoic-curie.212-227-153-4.plesk.page\/hr\/product\/polipropilensko-koljeno-m-f-3-4\/","title":{"rendered":"Polipropilensko koljeno M-F 3\/4&#8243;"},"content":{"rendered":"<p>Polipropilensko koljeno M-F 3\/4&#8243; &#8211; <\/p>\n<p>Mu\u017esko-\u017eenski spojni kutni dio od polipropilena. Poli(propilene) (PP) pribor pru\u017ea savr\u0161eno re\u0161enje za razli\u010dite pomorske primene, kao i za tla\u010dne sisteme s toplom i hladnom vodom. Netoksi\u010dan, otporan na habanje, abraziju i atmosferske utjecaje.<\/p>\n","protected":false},"excerpt":{"rendered":"<p>Polipropilensko koljeno M-F 3\/4&#8243; &#8211; Mu\u017esko-\u017eenski spojni kutni dio od polipropilena. Poli(propilene) (PP) pribor pru\u017ea savr\u0161eno re\u0161enje za razli\u010dite pomorske<\/p>\n","protected":false},"featured_media":5938702,"comment_status":"closed","ping_status":"closed","template":"","meta":[],"product_brand":[3356],"product_cat":[1661],"product_tag":[],"class_list":{"0":"post-3688032","1":"product","2":"type-product","3":"status-publish","4":"has-post-thumbnail","6":"product_brand-seaflow-hr","7":"product_cat-elementi-brodskog-vovovoda-plastika","9":"first","10":"instock","11":"shipping-taxable","12":"purchasable","13":"product-type-simple"},"_links":{"self":[{"href":"https:\/\/stoic-curie.212-227-153-4.plesk.page\/hr\/wp-json\/wp\/v2\/product\/3688032","targetHints":{"allow":["GET"]}}],"collection":[{"href":"https:\/\/stoic-curie.212-227-153-4.plesk.page\/hr\/wp-json\/wp\/v2\/product"}],"about":[{"href":"https:\/\/stoic-curie.212-227-153-4.plesk.page\/hr\/wp-json\/wp\/v2\/types\/product"}],"replies":[{"embeddable":true,"href":"https:\/\/stoic-curie.212-227-153-4.plesk.page\/hr\/wp-json\/wp\/v2\/comments?post=3688032"}],"version-history":[{"count":0,"href":"https:\/\/stoic-curie.212-227-153-4.plesk.page\/hr\/wp-json\/wp\/v2\/product\/3688032\/revisions"}],"wp:featuredmedia":[{"embeddable":true,"href":"https:\/\/stoic-curie.212-227-153-4.plesk.page\/hr\/wp-json\/wp\/v2\/media\/5938702"}],"wp:attachment":[{"href":"https:\/\/stoic-curie.212-227-153-4.plesk.page\/hr\/wp-json\/wp\/v2\/media?parent=3688032"}],"wp:term":[{"taxonomy":"product_brand","embeddable":true,"href":"https:\/\/stoic-curie.212-227-153-4.plesk.page\/hr\/wp-json\/wp\/v2\/product_brand?post=3688032"},{"taxonomy":"product_cat","embeddable":true,"href":"https:\/\/stoic-curie.212-227-153-4.plesk.page\/hr\/wp-json\/wp\/v2\/product_cat?post=3688032"},{"taxonomy":"product_tag","embeddable":true,"href":"https:\/\/stoic-curie.212-227-153-4.plesk.page\/hr\/wp-json\/wp\/v2\/product_tag?post=3688032"}],"curies":[{"name":"wp","href":"https:\/\/api.w.org\/{rel}","templated":true}]}}