{"id":3688038,"date":"2025-10-13T13:32:24","date_gmt":"2025-10-13T17:32:24","guid":{"rendered":"https:\/\/stoic-curie.212-227-153-4.plesk.page\/product\/polipropilensko-koljeno-f-f-1-1-4\/"},"modified":"2026-02-25T00:00:44","modified_gmt":"2026-02-25T00:00:44","slug":"polipropilensko-koljeno-f-f-1-1-4","status":"publish","type":"product","link":"https:\/\/stoic-curie.212-227-153-4.plesk.page\/hr\/product\/polipropilensko-koljeno-f-f-1-1-4\/","title":{"rendered":"Polipropilensko koljeno F-F 1 1\/4&#8243;"},"content":{"rendered":"<p>Polipropilensko koljeno F-F 1 1\/4&#8243; &#8211; <\/p>\n<p>\u017denski spojni kutak od polipropilena. Priklju\u010dci od polipropilena (PP) nude savr\u0161eno rje\u0161enje za nekoliko nauti\u010dkih primjena, kako za vru\u0107e tako i za hladne sustave pritiska vode. Netoksi\u010dan, otporan na tro\u0161enje, abraziju i atmosferske utjecaje.<\/p>\n","protected":false},"excerpt":{"rendered":"<p>Polipropilensko koljeno F-F 1 1\/4&#8243; &#8211; \u017denski spojni kutak od polipropilena. Priklju\u010dci od polipropilena (PP) nude savr\u0161eno rje\u0161enje za nekoliko<\/p>\n","protected":false},"featured_media":5938703,"comment_status":"closed","ping_status":"closed","template":"","meta":[],"product_brand":[3356],"product_cat":[1661],"product_tag":[],"class_list":{"0":"post-3688038","1":"product","2":"type-product","3":"status-publish","4":"has-post-thumbnail","6":"product_brand-seaflow-hr","7":"product_cat-elementi-brodskog-vovovoda-plastika","9":"first","10":"instock","11":"shipping-taxable","12":"purchasable","13":"product-type-simple"},"_links":{"self":[{"href":"https:\/\/stoic-curie.212-227-153-4.plesk.page\/hr\/wp-json\/wp\/v2\/product\/3688038","targetHints":{"allow":["GET"]}}],"collection":[{"href":"https:\/\/stoic-curie.212-227-153-4.plesk.page\/hr\/wp-json\/wp\/v2\/product"}],"about":[{"href":"https:\/\/stoic-curie.212-227-153-4.plesk.page\/hr\/wp-json\/wp\/v2\/types\/product"}],"replies":[{"embeddable":true,"href":"https:\/\/stoic-curie.212-227-153-4.plesk.page\/hr\/wp-json\/wp\/v2\/comments?post=3688038"}],"version-history":[{"count":0,"href":"https:\/\/stoic-curie.212-227-153-4.plesk.page\/hr\/wp-json\/wp\/v2\/product\/3688038\/revisions"}],"wp:featuredmedia":[{"embeddable":true,"href":"https:\/\/stoic-curie.212-227-153-4.plesk.page\/hr\/wp-json\/wp\/v2\/media\/5938703"}],"wp:attachment":[{"href":"https:\/\/stoic-curie.212-227-153-4.plesk.page\/hr\/wp-json\/wp\/v2\/media?parent=3688038"}],"wp:term":[{"taxonomy":"product_brand","embeddable":true,"href":"https:\/\/stoic-curie.212-227-153-4.plesk.page\/hr\/wp-json\/wp\/v2\/product_brand?post=3688038"},{"taxonomy":"product_cat","embeddable":true,"href":"https:\/\/stoic-curie.212-227-153-4.plesk.page\/hr\/wp-json\/wp\/v2\/product_cat?post=3688038"},{"taxonomy":"product_tag","embeddable":true,"href":"https:\/\/stoic-curie.212-227-153-4.plesk.page\/hr\/wp-json\/wp\/v2\/product_tag?post=3688038"}],"curies":[{"name":"wp","href":"https:\/\/api.w.org\/{rel}","templated":true}]}}