{"id":3688051,"date":"2025-10-13T13:32:28","date_gmt":"2025-10-13T17:32:28","guid":{"rendered":"https:\/\/stoic-curie.212-227-153-4.plesk.page\/product\/3-4-polipropilenski-spoj\/"},"modified":"2026-02-25T00:00:44","modified_gmt":"2026-02-25T00:00:44","slug":"3-4-polipropilenski-spoj","status":"publish","type":"product","link":"https:\/\/stoic-curie.212-227-153-4.plesk.page\/hr\/product\/3-4-polipropilenski-spoj\/","title":{"rendered":"3\/4 &#8221; polipropilenski spoj"},"content":{"rendered":"<p>3\/4 &#8221; polipropilenski spoj &#8211; <\/p>\n<p>Polipropilenski spoj. Polipropilenske (PP) spojke nude savr\u0161eno rje\u0161enje za razne pomorske primjene te za sisteme tlaka tople i hladne vode. Netoksi\u010dne, otporne na habanje, abraziju i atmosferske tvari.<\/p>\n","protected":false},"excerpt":{"rendered":"<p>3\/4 &#8221; polipropilenski spoj &#8211; Polipropilenski spoj. Polipropilenske (PP) spojke nude savr\u0161eno rje\u0161enje za razne pomorske primjene te za sisteme<\/p>\n","protected":false},"featured_media":5938706,"comment_status":"closed","ping_status":"closed","template":"","meta":[],"product_brand":[3356],"product_cat":[1661],"product_tag":[],"class_list":{"0":"post-3688051","1":"product","2":"type-product","3":"status-publish","4":"has-post-thumbnail","6":"product_brand-seaflow-hr","7":"product_cat-elementi-brodskog-vovovoda-plastika","9":"first","10":"instock","11":"shipping-taxable","12":"purchasable","13":"product-type-simple"},"_links":{"self":[{"href":"https:\/\/stoic-curie.212-227-153-4.plesk.page\/hr\/wp-json\/wp\/v2\/product\/3688051","targetHints":{"allow":["GET"]}}],"collection":[{"href":"https:\/\/stoic-curie.212-227-153-4.plesk.page\/hr\/wp-json\/wp\/v2\/product"}],"about":[{"href":"https:\/\/stoic-curie.212-227-153-4.plesk.page\/hr\/wp-json\/wp\/v2\/types\/product"}],"replies":[{"embeddable":true,"href":"https:\/\/stoic-curie.212-227-153-4.plesk.page\/hr\/wp-json\/wp\/v2\/comments?post=3688051"}],"version-history":[{"count":0,"href":"https:\/\/stoic-curie.212-227-153-4.plesk.page\/hr\/wp-json\/wp\/v2\/product\/3688051\/revisions"}],"wp:featuredmedia":[{"embeddable":true,"href":"https:\/\/stoic-curie.212-227-153-4.plesk.page\/hr\/wp-json\/wp\/v2\/media\/5938706"}],"wp:attachment":[{"href":"https:\/\/stoic-curie.212-227-153-4.plesk.page\/hr\/wp-json\/wp\/v2\/media?parent=3688051"}],"wp:term":[{"taxonomy":"product_brand","embeddable":true,"href":"https:\/\/stoic-curie.212-227-153-4.plesk.page\/hr\/wp-json\/wp\/v2\/product_brand?post=3688051"},{"taxonomy":"product_cat","embeddable":true,"href":"https:\/\/stoic-curie.212-227-153-4.plesk.page\/hr\/wp-json\/wp\/v2\/product_cat?post=3688051"},{"taxonomy":"product_tag","embeddable":true,"href":"https:\/\/stoic-curie.212-227-153-4.plesk.page\/hr\/wp-json\/wp\/v2\/product_tag?post=3688051"}],"curies":[{"name":"wp","href":"https:\/\/api.w.org\/{rel}","templated":true}]}}