{"id":3688063,"date":"2025-10-13T13:32:31","date_gmt":"2025-10-13T17:32:31","guid":{"rendered":"https:\/\/stoic-curie.212-227-153-4.plesk.page\/product\/polipropilen-t-3-4\/"},"modified":"2026-02-25T00:00:44","modified_gmt":"2026-02-25T00:00:44","slug":"polipropilen-t-3-4","status":"publish","type":"product","link":"https:\/\/stoic-curie.212-227-153-4.plesk.page\/hr\/product\/polipropilen-t-3-4\/","title":{"rendered":"Polipropilen T 3\/4&#8243;"},"content":{"rendered":"<p>Polipropilen T 3\/4&#8243; &#8211; <\/p>\n<p>\u017denski T-adapteri od polipropilena. Polipropilenski (PP) adapteri nude savr\u0161eno rje\u0161enje za razne nauti\u010dke primjene, kao i za sustave pod pritiskom tople i hladne vode. Netoksi\u010dni, otporni na habanje, abraziju i atmosferske utjecaje.<\/p>\n","protected":false},"excerpt":{"rendered":"<p>Polipropilen T 3\/4&#8243; &#8211; \u017denski T-adapteri od polipropilena. Polipropilenski (PP) adapteri nude savr\u0161eno rje\u0161enje za razne nauti\u010dke primjene, kao i<\/p>\n","protected":false},"featured_media":5938707,"comment_status":"closed","ping_status":"closed","template":"","meta":[],"product_brand":[3356],"product_cat":[1661],"product_tag":[],"class_list":{"0":"post-3688063","1":"product","2":"type-product","3":"status-publish","4":"has-post-thumbnail","6":"product_brand-seaflow-hr","7":"product_cat-elementi-brodskog-vovovoda-plastika","9":"first","10":"instock","11":"shipping-taxable","12":"purchasable","13":"product-type-simple"},"_links":{"self":[{"href":"https:\/\/stoic-curie.212-227-153-4.plesk.page\/hr\/wp-json\/wp\/v2\/product\/3688063","targetHints":{"allow":["GET"]}}],"collection":[{"href":"https:\/\/stoic-curie.212-227-153-4.plesk.page\/hr\/wp-json\/wp\/v2\/product"}],"about":[{"href":"https:\/\/stoic-curie.212-227-153-4.plesk.page\/hr\/wp-json\/wp\/v2\/types\/product"}],"replies":[{"embeddable":true,"href":"https:\/\/stoic-curie.212-227-153-4.plesk.page\/hr\/wp-json\/wp\/v2\/comments?post=3688063"}],"version-history":[{"count":0,"href":"https:\/\/stoic-curie.212-227-153-4.plesk.page\/hr\/wp-json\/wp\/v2\/product\/3688063\/revisions"}],"wp:featuredmedia":[{"embeddable":true,"href":"https:\/\/stoic-curie.212-227-153-4.plesk.page\/hr\/wp-json\/wp\/v2\/media\/5938707"}],"wp:attachment":[{"href":"https:\/\/stoic-curie.212-227-153-4.plesk.page\/hr\/wp-json\/wp\/v2\/media?parent=3688063"}],"wp:term":[{"taxonomy":"product_brand","embeddable":true,"href":"https:\/\/stoic-curie.212-227-153-4.plesk.page\/hr\/wp-json\/wp\/v2\/product_brand?post=3688063"},{"taxonomy":"product_cat","embeddable":true,"href":"https:\/\/stoic-curie.212-227-153-4.plesk.page\/hr\/wp-json\/wp\/v2\/product_cat?post=3688063"},{"taxonomy":"product_tag","embeddable":true,"href":"https:\/\/stoic-curie.212-227-153-4.plesk.page\/hr\/wp-json\/wp\/v2\/product_tag?post=3688063"}],"curies":[{"name":"wp","href":"https:\/\/api.w.org\/{rel}","templated":true}]}}