{"id":3688081,"date":"2025-10-13T13:32:36","date_gmt":"2025-10-13T17:32:36","guid":{"rendered":"https:\/\/stoic-curie.212-227-153-4.plesk.page\/product\/kit-za-punjenje-spremnika-za-vodu\/"},"modified":"2026-02-25T00:00:45","modified_gmt":"2026-02-25T00:00:45","slug":"kit-za-punjenje-spremnika-za-vodu","status":"publish","type":"product","link":"https:\/\/stoic-curie.212-227-153-4.plesk.page\/hr\/product\/kit-za-punjenje-spremnika-za-vodu\/","title":{"rendered":"Kit za punjenje spremnika za vodu"},"content":{"rendered":"<p>Kit za punjenje spremnika za vodu &#8211; <\/p>\n<p>Priklju\u010dak cijevi na crijevo za rezervoare s slatkom vodom. Mo\u017ee se montirati na otvor u ravnoj ili koso postavci. Sastoji se od dva dijela, oba sa \u017eenskim navojem od 1&#8243;1\/2, kompletno s brtvom.<\/p>\n","protected":false},"excerpt":{"rendered":"<p>Kit za punjenje spremnika za vodu &#8211; Priklju\u010dak cijevi na crijevo za rezervoare s slatkom vodom. Mo\u017ee se montirati na<\/p>\n","protected":false},"featured_media":5938793,"comment_status":"closed","ping_status":"closed","template":"","meta":[],"product_brand":[2856],"product_cat":[1664],"product_tag":[],"class_list":{"0":"post-3688081","1":"product","2":"type-product","3":"status-publish","4":"has-post-thumbnail","6":"product_brand-can-marine-hr","7":"product_cat-spremnici-za-vodu","9":"first","10":"instock","11":"shipping-taxable","12":"purchasable","13":"product-type-simple"},"_links":{"self":[{"href":"https:\/\/stoic-curie.212-227-153-4.plesk.page\/hr\/wp-json\/wp\/v2\/product\/3688081","targetHints":{"allow":["GET"]}}],"collection":[{"href":"https:\/\/stoic-curie.212-227-153-4.plesk.page\/hr\/wp-json\/wp\/v2\/product"}],"about":[{"href":"https:\/\/stoic-curie.212-227-153-4.plesk.page\/hr\/wp-json\/wp\/v2\/types\/product"}],"replies":[{"embeddable":true,"href":"https:\/\/stoic-curie.212-227-153-4.plesk.page\/hr\/wp-json\/wp\/v2\/comments?post=3688081"}],"version-history":[{"count":0,"href":"https:\/\/stoic-curie.212-227-153-4.plesk.page\/hr\/wp-json\/wp\/v2\/product\/3688081\/revisions"}],"wp:featuredmedia":[{"embeddable":true,"href":"https:\/\/stoic-curie.212-227-153-4.plesk.page\/hr\/wp-json\/wp\/v2\/media\/5938793"}],"wp:attachment":[{"href":"https:\/\/stoic-curie.212-227-153-4.plesk.page\/hr\/wp-json\/wp\/v2\/media?parent=3688081"}],"wp:term":[{"taxonomy":"product_brand","embeddable":true,"href":"https:\/\/stoic-curie.212-227-153-4.plesk.page\/hr\/wp-json\/wp\/v2\/product_brand?post=3688081"},{"taxonomy":"product_cat","embeddable":true,"href":"https:\/\/stoic-curie.212-227-153-4.plesk.page\/hr\/wp-json\/wp\/v2\/product_cat?post=3688081"},{"taxonomy":"product_tag","embeddable":true,"href":"https:\/\/stoic-curie.212-227-153-4.plesk.page\/hr\/wp-json\/wp\/v2\/product_tag?post=3688081"}],"curies":[{"name":"wp","href":"https:\/\/api.w.org\/{rel}","templated":true}]}}