{"id":3688084,"date":"2025-10-13T13:32:37","date_gmt":"2025-10-13T17:32:37","guid":{"rendered":"https:\/\/stoic-curie.212-227-153-4.plesk.page\/product\/blokirajuci-nosac-za-igloo-hladnjake\/"},"modified":"2026-02-25T00:00:45","modified_gmt":"2026-02-25T00:00:45","slug":"blokirajuci-nosac-za-igloo-hladnjake","status":"publish","type":"product","link":"https:\/\/stoic-curie.212-227-153-4.plesk.page\/hr\/product\/blokirajuci-nosac-za-igloo-hladnjake\/","title":{"rendered":"Blokirajuci nosac za Igloo hladnjake"},"content":{"rendered":"<p>Blokirajuci nosac za Igloo hladnjake &#8211; <\/p>\n<p>Univerzalni komplet za monta\u017eu prijenosnih hladnjaka sastavljen od 4 kuta + 2 elasti\u010dne uzice koje se mogu pri\u010dvrstiti kroz ru\u010dke.<\/p>\n","protected":false},"excerpt":{"rendered":"<p>Blokirajuci nosac za Igloo hladnjake &#8211; Univerzalni komplet za monta\u017eu prijenosnih hladnjaka sastavljen od 4 kuta + 2 elasti\u010dne uzice<\/p>\n","protected":false},"featured_media":5938814,"comment_status":"closed","ping_status":"closed","template":"","meta":[],"product_brand":[3016],"product_cat":[1646],"product_tag":[],"class_list":{"0":"post-3688084","1":"product","2":"type-product","3":"status-publish","4":"has-post-thumbnail","6":"product_brand-igloo-marine-hr","7":"product_cat-cool-box-hladnjaci","9":"first","10":"instock","11":"shipping-taxable","12":"purchasable","13":"product-type-simple"},"_links":{"self":[{"href":"https:\/\/stoic-curie.212-227-153-4.plesk.page\/hr\/wp-json\/wp\/v2\/product\/3688084","targetHints":{"allow":["GET"]}}],"collection":[{"href":"https:\/\/stoic-curie.212-227-153-4.plesk.page\/hr\/wp-json\/wp\/v2\/product"}],"about":[{"href":"https:\/\/stoic-curie.212-227-153-4.plesk.page\/hr\/wp-json\/wp\/v2\/types\/product"}],"replies":[{"embeddable":true,"href":"https:\/\/stoic-curie.212-227-153-4.plesk.page\/hr\/wp-json\/wp\/v2\/comments?post=3688084"}],"version-history":[{"count":0,"href":"https:\/\/stoic-curie.212-227-153-4.plesk.page\/hr\/wp-json\/wp\/v2\/product\/3688084\/revisions"}],"wp:featuredmedia":[{"embeddable":true,"href":"https:\/\/stoic-curie.212-227-153-4.plesk.page\/hr\/wp-json\/wp\/v2\/media\/5938814"}],"wp:attachment":[{"href":"https:\/\/stoic-curie.212-227-153-4.plesk.page\/hr\/wp-json\/wp\/v2\/media?parent=3688084"}],"wp:term":[{"taxonomy":"product_brand","embeddable":true,"href":"https:\/\/stoic-curie.212-227-153-4.plesk.page\/hr\/wp-json\/wp\/v2\/product_brand?post=3688084"},{"taxonomy":"product_cat","embeddable":true,"href":"https:\/\/stoic-curie.212-227-153-4.plesk.page\/hr\/wp-json\/wp\/v2\/product_cat?post=3688084"},{"taxonomy":"product_tag","embeddable":true,"href":"https:\/\/stoic-curie.212-227-153-4.plesk.page\/hr\/wp-json\/wp\/v2\/product_tag?post=3688084"}],"curies":[{"name":"wp","href":"https:\/\/api.w.org\/{rel}","templated":true}]}}