{"id":3688094,"date":"2025-10-13T13:32:40","date_gmt":"2025-10-13T17:32:40","guid":{"rendered":"https:\/\/stoic-curie.212-227-153-4.plesk.page\/product\/usis-zraka-130-x-120-mm-nehrdajuci-celik\/"},"modified":"2026-02-25T00:00:45","modified_gmt":"2026-02-25T00:00:45","slug":"usis-zraka-130-x-120-mm-nehrdajuci-celik","status":"publish","type":"product","link":"https:\/\/stoic-curie.212-227-153-4.plesk.page\/hr\/product\/usis-zraka-130-x-120-mm-nehrdajuci-celik\/","title":{"rendered":"Usis zraka 130 x 120 mm, nehr\u0111aju\u0107i \u010delik"},"content":{"rendered":"<p>Usis zraka 130 x 120 mm, nehr\u0111aju\u0107i \u010delik &#8211; <\/p>\n<p>Otvor za zrak velik od nehr\u0111aju\u0107eg \u010delika s utisnutim uzorkom.<\/p>\n","protected":false},"excerpt":{"rendered":"<p>Usis zraka 130 x 120 mm, nehr\u0111aju\u0107i \u010delik &#8211; Otvor za zrak velik od nehr\u0111aju\u0107eg \u010delika s utisnutim uzorkom.<\/p>\n","protected":false},"featured_media":5938859,"comment_status":"closed","ping_status":"closed","template":"","meta":[],"product_brand":[3236],"product_cat":[1699],"product_tag":[],"class_list":{"0":"post-3688094","1":"product","2":"type-product","3":"status-publish","4":"has-post-thumbnail","6":"product_brand-osculati-hr","7":"product_cat-palubni-ventilacijski-otvori","9":"first","10":"instock","11":"shipping-taxable","12":"purchasable","13":"product-type-simple"},"_links":{"self":[{"href":"https:\/\/stoic-curie.212-227-153-4.plesk.page\/hr\/wp-json\/wp\/v2\/product\/3688094","targetHints":{"allow":["GET"]}}],"collection":[{"href":"https:\/\/stoic-curie.212-227-153-4.plesk.page\/hr\/wp-json\/wp\/v2\/product"}],"about":[{"href":"https:\/\/stoic-curie.212-227-153-4.plesk.page\/hr\/wp-json\/wp\/v2\/types\/product"}],"replies":[{"embeddable":true,"href":"https:\/\/stoic-curie.212-227-153-4.plesk.page\/hr\/wp-json\/wp\/v2\/comments?post=3688094"}],"version-history":[{"count":0,"href":"https:\/\/stoic-curie.212-227-153-4.plesk.page\/hr\/wp-json\/wp\/v2\/product\/3688094\/revisions"}],"wp:featuredmedia":[{"embeddable":true,"href":"https:\/\/stoic-curie.212-227-153-4.plesk.page\/hr\/wp-json\/wp\/v2\/media\/5938859"}],"wp:attachment":[{"href":"https:\/\/stoic-curie.212-227-153-4.plesk.page\/hr\/wp-json\/wp\/v2\/media?parent=3688094"}],"wp:term":[{"taxonomy":"product_brand","embeddable":true,"href":"https:\/\/stoic-curie.212-227-153-4.plesk.page\/hr\/wp-json\/wp\/v2\/product_brand?post=3688094"},{"taxonomy":"product_cat","embeddable":true,"href":"https:\/\/stoic-curie.212-227-153-4.plesk.page\/hr\/wp-json\/wp\/v2\/product_cat?post=3688094"},{"taxonomy":"product_tag","embeddable":true,"href":"https:\/\/stoic-curie.212-227-153-4.plesk.page\/hr\/wp-json\/wp\/v2\/product_tag?post=3688094"}],"curies":[{"name":"wp","href":"https:\/\/api.w.org\/{rel}","templated":true}]}}