{"id":3688095,"date":"2025-10-13T13:32:40","date_gmt":"2025-10-13T17:32:40","guid":{"rendered":"https:\/\/stoic-curie.212-227-153-4.plesk.page\/product\/upusteni-kompaktni-otvori-za-ventilaciju-od-nehrdajuceg-celika-210-x-110\/"},"modified":"2026-02-25T00:00:45","modified_gmt":"2026-02-25T00:00:45","slug":"upusteni-kompaktni-otvori-za-ventilaciju-od-nehrdajuceg-celika-210-x-110","status":"publish","type":"product","link":"https:\/\/stoic-curie.212-227-153-4.plesk.page\/hr\/product\/upusteni-kompaktni-otvori-za-ventilaciju-od-nehrdajuceg-celika-210-x-110\/","title":{"rendered":"Upu\u0161teni kompaktni otvori za ventilaciju od nehr\u0111aju\u0107eg \u010delika 210 x 110"},"content":{"rendered":"<p>Upu\u0161teni kompaktni otvori za ventilaciju od nehr\u0111aju\u0107eg \u010delika 210 x 110 &#8211; <\/p>\n<p>Ugra\u0111ena ventilacija od nehr\u0111aju\u0107eg \u010delika.<\/p>\n","protected":false},"excerpt":{"rendered":"<p>Upu\u0161teni kompaktni otvori za ventilaciju od nehr\u0111aju\u0107eg \u010delika 210 x 110 &#8211; Ugra\u0111ena ventilacija od nehr\u0111aju\u0107eg \u010delika.<\/p>\n","protected":false},"featured_media":5938860,"comment_status":"closed","ping_status":"closed","template":"","meta":[],"product_brand":[3236],"product_cat":[1691,1699,1826],"product_tag":[],"class_list":{"0":"post-3688095","1":"product","2":"type-product","3":"status-publish","4":"has-post-thumbnail","6":"product_brand-osculati-hr","7":"product_cat-otvori-za-zrak","8":"product_cat-palubni-ventilacijski-otvori","9":"product_cat-sustavi-odzracivanja-motora","11":"first","12":"instock","13":"shipping-taxable","14":"purchasable","15":"product-type-simple"},"_links":{"self":[{"href":"https:\/\/stoic-curie.212-227-153-4.plesk.page\/hr\/wp-json\/wp\/v2\/product\/3688095","targetHints":{"allow":["GET"]}}],"collection":[{"href":"https:\/\/stoic-curie.212-227-153-4.plesk.page\/hr\/wp-json\/wp\/v2\/product"}],"about":[{"href":"https:\/\/stoic-curie.212-227-153-4.plesk.page\/hr\/wp-json\/wp\/v2\/types\/product"}],"replies":[{"embeddable":true,"href":"https:\/\/stoic-curie.212-227-153-4.plesk.page\/hr\/wp-json\/wp\/v2\/comments?post=3688095"}],"version-history":[{"count":0,"href":"https:\/\/stoic-curie.212-227-153-4.plesk.page\/hr\/wp-json\/wp\/v2\/product\/3688095\/revisions"}],"wp:featuredmedia":[{"embeddable":true,"href":"https:\/\/stoic-curie.212-227-153-4.plesk.page\/hr\/wp-json\/wp\/v2\/media\/5938860"}],"wp:attachment":[{"href":"https:\/\/stoic-curie.212-227-153-4.plesk.page\/hr\/wp-json\/wp\/v2\/media?parent=3688095"}],"wp:term":[{"taxonomy":"product_brand","embeddable":true,"href":"https:\/\/stoic-curie.212-227-153-4.plesk.page\/hr\/wp-json\/wp\/v2\/product_brand?post=3688095"},{"taxonomy":"product_cat","embeddable":true,"href":"https:\/\/stoic-curie.212-227-153-4.plesk.page\/hr\/wp-json\/wp\/v2\/product_cat?post=3688095"},{"taxonomy":"product_tag","embeddable":true,"href":"https:\/\/stoic-curie.212-227-153-4.plesk.page\/hr\/wp-json\/wp\/v2\/product_tag?post=3688095"}],"curies":[{"name":"wp","href":"https:\/\/api.w.org\/{rel}","templated":true}]}}