{"id":3688106,"date":"2025-10-13T13:32:43","date_gmt":"2025-10-13T17:32:43","guid":{"rendered":"https:\/\/stoic-curie.212-227-153-4.plesk.page\/product\/izravni-prikljucak-za-ventilaciju-spremnika-za-crijevo-16-mm-h76mm\/"},"modified":"2026-02-25T00:00:45","modified_gmt":"2026-02-25T00:00:45","slug":"izravni-prikljucak-za-ventilaciju-spremnika-za-crijevo-16-mm-h76mm","status":"publish","type":"product","link":"https:\/\/stoic-curie.212-227-153-4.plesk.page\/hr\/product\/izravni-prikljucak-za-ventilaciju-spremnika-za-crijevo-16-mm-h76mm\/","title":{"rendered":"Izravni priklju\u010dak za ventilaciju spremnika za crijevo 16 mm h76mm"},"content":{"rendered":"<p>Izravni priklju\u010dak za ventilaciju spremnika za crijevo 16 mm h76mm &#8211; <\/p>\n<p>Ventil tankova od nehr\u0111aju\u0107eg \u010delika. Filter od nehr\u0111aju\u0107e mre\u017ee.<\/p>\n","protected":false},"excerpt":{"rendered":"<p>Izravni priklju\u010dak za ventilaciju spremnika za crijevo 16 mm h76mm &#8211; Ventil tankova od nehr\u0111aju\u0107eg \u010delika. Filter od nehr\u0111aju\u0107e mre\u017ee.<\/p>\n","protected":false},"featured_media":5938872,"comment_status":"closed","ping_status":"closed","template":"","meta":[],"product_brand":[3356],"product_cat":[1699,1800],"product_tag":[],"class_list":{"0":"post-3688106","1":"product","2":"type-product","3":"status-publish","4":"has-post-thumbnail","6":"product_brand-seaflow-hr","7":"product_cat-palubni-ventilacijski-otvori","8":"product_cat-spremnici-goriva","10":"first","11":"instock","12":"shipping-taxable","13":"purchasable","14":"product-type-simple"},"_links":{"self":[{"href":"https:\/\/stoic-curie.212-227-153-4.plesk.page\/hr\/wp-json\/wp\/v2\/product\/3688106","targetHints":{"allow":["GET"]}}],"collection":[{"href":"https:\/\/stoic-curie.212-227-153-4.plesk.page\/hr\/wp-json\/wp\/v2\/product"}],"about":[{"href":"https:\/\/stoic-curie.212-227-153-4.plesk.page\/hr\/wp-json\/wp\/v2\/types\/product"}],"replies":[{"embeddable":true,"href":"https:\/\/stoic-curie.212-227-153-4.plesk.page\/hr\/wp-json\/wp\/v2\/comments?post=3688106"}],"version-history":[{"count":0,"href":"https:\/\/stoic-curie.212-227-153-4.plesk.page\/hr\/wp-json\/wp\/v2\/product\/3688106\/revisions"}],"wp:featuredmedia":[{"embeddable":true,"href":"https:\/\/stoic-curie.212-227-153-4.plesk.page\/hr\/wp-json\/wp\/v2\/media\/5938872"}],"wp:attachment":[{"href":"https:\/\/stoic-curie.212-227-153-4.plesk.page\/hr\/wp-json\/wp\/v2\/media?parent=3688106"}],"wp:term":[{"taxonomy":"product_brand","embeddable":true,"href":"https:\/\/stoic-curie.212-227-153-4.plesk.page\/hr\/wp-json\/wp\/v2\/product_brand?post=3688106"},{"taxonomy":"product_cat","embeddable":true,"href":"https:\/\/stoic-curie.212-227-153-4.plesk.page\/hr\/wp-json\/wp\/v2\/product_cat?post=3688106"},{"taxonomy":"product_tag","embeddable":true,"href":"https:\/\/stoic-curie.212-227-153-4.plesk.page\/hr\/wp-json\/wp\/v2\/product_tag?post=3688106"}],"curies":[{"name":"wp","href":"https:\/\/api.w.org\/{rel}","templated":true}]}}