{"id":3688137,"date":"2025-10-13T13:32:57","date_gmt":"2025-10-13T17:32:57","guid":{"rendered":"https:\/\/stoic-curie.212-227-153-4.plesk.page\/product\/rm69-kit-membrana-za-rucne-pumpe\/"},"modified":"2026-02-25T00:00:45","modified_gmt":"2026-02-25T00:00:45","slug":"rm69-kit-membrana-za-rucne-pumpe","status":"publish","type":"product","link":"https:\/\/stoic-curie.212-227-153-4.plesk.page\/hr\/product\/rm69-kit-membrana-za-rucne-pumpe\/","title":{"rendered":"RM69 kit membrana za ru\u010dne pumpe"},"content":{"rendered":"<p>RM69 kit membrana za ru\u010dne pumpe &#8211; <\/p>\n<p>RM69 MP Ru\u010dna pumpa za ispu\u0161tanje s dijafragmom. Monta\u017ea na palubi ili pregradi.<\/p>\n","protected":false},"excerpt":{"rendered":"<p>RM69 kit membrana za ru\u010dne pumpe &#8211; RM69 MP Ru\u010dna pumpa za ispu\u0161tanje s dijafragmom. Monta\u017ea na palubi ili pregradi.<\/p>\n","protected":false},"featured_media":5939145,"comment_status":"closed","ping_status":"closed","template":"","meta":[],"product_brand":[3311],"product_cat":[1654],"product_tag":[],"class_list":{"0":"post-3688137","1":"product","2":"type-product","3":"status-publish","4":"has-post-thumbnail","6":"product_brand-rm69-hr","7":"product_cat-rucne-kaljuzne-pumpe","9":"first","10":"instock","11":"shipping-taxable","12":"purchasable","13":"product-type-simple"},"_links":{"self":[{"href":"https:\/\/stoic-curie.212-227-153-4.plesk.page\/hr\/wp-json\/wp\/v2\/product\/3688137","targetHints":{"allow":["GET"]}}],"collection":[{"href":"https:\/\/stoic-curie.212-227-153-4.plesk.page\/hr\/wp-json\/wp\/v2\/product"}],"about":[{"href":"https:\/\/stoic-curie.212-227-153-4.plesk.page\/hr\/wp-json\/wp\/v2\/types\/product"}],"replies":[{"embeddable":true,"href":"https:\/\/stoic-curie.212-227-153-4.plesk.page\/hr\/wp-json\/wp\/v2\/comments?post=3688137"}],"version-history":[{"count":0,"href":"https:\/\/stoic-curie.212-227-153-4.plesk.page\/hr\/wp-json\/wp\/v2\/product\/3688137\/revisions"}],"wp:featuredmedia":[{"embeddable":true,"href":"https:\/\/stoic-curie.212-227-153-4.plesk.page\/hr\/wp-json\/wp\/v2\/media\/5939145"}],"wp:attachment":[{"href":"https:\/\/stoic-curie.212-227-153-4.plesk.page\/hr\/wp-json\/wp\/v2\/media?parent=3688137"}],"wp:term":[{"taxonomy":"product_brand","embeddable":true,"href":"https:\/\/stoic-curie.212-227-153-4.plesk.page\/hr\/wp-json\/wp\/v2\/product_brand?post=3688137"},{"taxonomy":"product_cat","embeddable":true,"href":"https:\/\/stoic-curie.212-227-153-4.plesk.page\/hr\/wp-json\/wp\/v2\/product_cat?post=3688137"},{"taxonomy":"product_tag","embeddable":true,"href":"https:\/\/stoic-curie.212-227-153-4.plesk.page\/hr\/wp-json\/wp\/v2\/product_tag?post=3688137"}],"curies":[{"name":"wp","href":"https:\/\/api.w.org\/{rel}","templated":true}]}}