{"id":3688138,"date":"2025-10-13T13:32:57","date_gmt":"2025-10-13T17:32:57","guid":{"rendered":"https:\/\/stoic-curie.212-227-153-4.plesk.page\/product\/rucna-mesingana-pumpa-za-zamjenu-ulja-od-255-mm\/"},"modified":"2026-02-25T00:00:45","modified_gmt":"2026-02-25T00:00:45","slug":"rucna-mesingana-pumpa-za-zamjenu-ulja-od-255-mm","status":"publish","type":"product","link":"https:\/\/stoic-curie.212-227-153-4.plesk.page\/hr\/product\/rucna-mesingana-pumpa-za-zamjenu-ulja-od-255-mm\/","title":{"rendered":"Ru\u010dna mesingana pumpa za zamjenu ulja od 255 mm"},"content":{"rendered":"<p>Ru\u010dna mesingana pumpa za zamjenu ulja od 255 mm &#8211; <\/p>\n<p>Ru\u010dno izra\u0111ena pumpa za motorno ulje od mesinga visoke kvalitete.<\/p>\n","protected":false},"excerpt":{"rendered":"<p>Ru\u010dna mesingana pumpa za zamjenu ulja od 255 mm &#8211; Ru\u010dno izra\u0111ena pumpa za motorno ulje od mesinga visoke kvalitete.<\/p>\n","protected":false},"featured_media":5939150,"comment_status":"closed","ping_status":"closed","template":"","meta":[],"product_brand":[2996],"product_cat":[1787],"product_tag":[],"class_list":{"0":"post-3688138","1":"product","2":"type-product","3":"status-publish","4":"has-post-thumbnail","6":"product_brand-guidi-marine-hr","7":"product_cat-pumpe-za-naftu-i-gorivo","9":"first","10":"instock","11":"shipping-taxable","12":"purchasable","13":"product-type-simple"},"_links":{"self":[{"href":"https:\/\/stoic-curie.212-227-153-4.plesk.page\/hr\/wp-json\/wp\/v2\/product\/3688138","targetHints":{"allow":["GET"]}}],"collection":[{"href":"https:\/\/stoic-curie.212-227-153-4.plesk.page\/hr\/wp-json\/wp\/v2\/product"}],"about":[{"href":"https:\/\/stoic-curie.212-227-153-4.plesk.page\/hr\/wp-json\/wp\/v2\/types\/product"}],"replies":[{"embeddable":true,"href":"https:\/\/stoic-curie.212-227-153-4.plesk.page\/hr\/wp-json\/wp\/v2\/comments?post=3688138"}],"version-history":[{"count":0,"href":"https:\/\/stoic-curie.212-227-153-4.plesk.page\/hr\/wp-json\/wp\/v2\/product\/3688138\/revisions"}],"wp:featuredmedia":[{"embeddable":true,"href":"https:\/\/stoic-curie.212-227-153-4.plesk.page\/hr\/wp-json\/wp\/v2\/media\/5939150"}],"wp:attachment":[{"href":"https:\/\/stoic-curie.212-227-153-4.plesk.page\/hr\/wp-json\/wp\/v2\/media?parent=3688138"}],"wp:term":[{"taxonomy":"product_brand","embeddable":true,"href":"https:\/\/stoic-curie.212-227-153-4.plesk.page\/hr\/wp-json\/wp\/v2\/product_brand?post=3688138"},{"taxonomy":"product_cat","embeddable":true,"href":"https:\/\/stoic-curie.212-227-153-4.plesk.page\/hr\/wp-json\/wp\/v2\/product_cat?post=3688138"},{"taxonomy":"product_tag","embeddable":true,"href":"https:\/\/stoic-curie.212-227-153-4.plesk.page\/hr\/wp-json\/wp\/v2\/product_tag?post=3688138"}],"curies":[{"name":"wp","href":"https:\/\/api.w.org\/{rel}","templated":true}]}}