{"id":3688144,"date":"2025-10-13T13:32:59","date_gmt":"2025-10-13T17:32:59","guid":{"rendered":"https:\/\/stoic-curie.212-227-153-4.plesk.page\/product\/ruka-brisaca-za-roca-w12wp-i-mtm-w10-350-480-mm-crna\/"},"modified":"2026-02-25T00:00:45","modified_gmt":"2026-02-25T00:00:45","slug":"ruka-brisaca-za-roca-w12wp-i-mtm-w10-350-480-mm-crna","status":"publish","type":"product","link":"https:\/\/stoic-curie.212-227-153-4.plesk.page\/hr\/product\/ruka-brisaca-za-roca-w12wp-i-mtm-w10-350-480-mm-crna\/","title":{"rendered":"Ruka brisaca za Roca W12wp i MTM W10 350-480 mm, crna"},"content":{"rendered":"<p>Ruka brisaca za Roca W12wp i MTM W10 350-480 mm, crna &#8211; <\/p>\n<p>Podesive brisa\u010de od nehr\u0111aju\u0107eg \u010delika s J-Hook povezivanjem. Pogodno za brisa\u010de W10\/W12 i sve brisa\u010de s osovinom promjera 13,8 mm. Klasi\u010dno S-oblika brisanja.<\/p>\n","protected":false},"excerpt":{"rendered":"<p>Ruka brisaca za Roca W12wp i MTM W10 350-480 mm, crna &#8211; Podesive brisa\u010de od nehr\u0111aju\u0107eg \u010delika s J-Hook povezivanjem.<\/p>\n","protected":false},"featured_media":5939181,"comment_status":"closed","ping_status":"closed","template":"","meta":[],"product_brand":[3316],"product_cat":[1735],"product_tag":[],"class_list":{"0":"post-3688144","1":"product","2":"type-product","3":"status-publish","4":"has-post-thumbnail","6":"product_brand-roca-marine-hr","7":"product_cat-brisaci-vjetrobranskog-stakla-na-brodu","9":"first","10":"instock","11":"shipping-taxable","12":"purchasable","13":"product-type-simple"},"_links":{"self":[{"href":"https:\/\/stoic-curie.212-227-153-4.plesk.page\/hr\/wp-json\/wp\/v2\/product\/3688144","targetHints":{"allow":["GET"]}}],"collection":[{"href":"https:\/\/stoic-curie.212-227-153-4.plesk.page\/hr\/wp-json\/wp\/v2\/product"}],"about":[{"href":"https:\/\/stoic-curie.212-227-153-4.plesk.page\/hr\/wp-json\/wp\/v2\/types\/product"}],"replies":[{"embeddable":true,"href":"https:\/\/stoic-curie.212-227-153-4.plesk.page\/hr\/wp-json\/wp\/v2\/comments?post=3688144"}],"version-history":[{"count":0,"href":"https:\/\/stoic-curie.212-227-153-4.plesk.page\/hr\/wp-json\/wp\/v2\/product\/3688144\/revisions"}],"wp:featuredmedia":[{"embeddable":true,"href":"https:\/\/stoic-curie.212-227-153-4.plesk.page\/hr\/wp-json\/wp\/v2\/media\/5939181"}],"wp:attachment":[{"href":"https:\/\/stoic-curie.212-227-153-4.plesk.page\/hr\/wp-json\/wp\/v2\/media?parent=3688144"}],"wp:term":[{"taxonomy":"product_brand","embeddable":true,"href":"https:\/\/stoic-curie.212-227-153-4.plesk.page\/hr\/wp-json\/wp\/v2\/product_brand?post=3688144"},{"taxonomy":"product_cat","embeddable":true,"href":"https:\/\/stoic-curie.212-227-153-4.plesk.page\/hr\/wp-json\/wp\/v2\/product_cat?post=3688144"},{"taxonomy":"product_tag","embeddable":true,"href":"https:\/\/stoic-curie.212-227-153-4.plesk.page\/hr\/wp-json\/wp\/v2\/product_tag?post=3688144"}],"curies":[{"name":"wp","href":"https:\/\/api.w.org\/{rel}","templated":true}]}}