{"id":3688151,"date":"2025-10-13T13:33:01","date_gmt":"2025-10-13T17:33:01","guid":{"rendered":"https:\/\/stoic-curie.212-227-153-4.plesk.page\/product\/extraflex-metlice-brisaca-560-mm-bruseni-celik\/"},"modified":"2026-02-25T00:00:45","modified_gmt":"2026-02-25T00:00:45","slug":"extraflex-metlice-brisaca-560-mm-bruseni-celik","status":"publish","type":"product","link":"https:\/\/stoic-curie.212-227-153-4.plesk.page\/hr\/product\/extraflex-metlice-brisaca-560-mm-bruseni-celik\/","title":{"rendered":"Extraflex metlice brisaca 560 mm, bru\u0161eni \u010delik"},"content":{"rendered":"<p>Extraflex metlice brisaca 560 mm, bru\u0161eni \u010delik &#8211; <\/p>\n<p>Roca polirane \u010deli\u010dne brisa\u010de s umetkom od prirodne gume. Opremljeni su sa 3 univerzalna nosa\u010da za ravne i J-oblika veze.<\/p>\n","protected":false},"excerpt":{"rendered":"<p>Extraflex metlice brisaca 560 mm, bru\u0161eni \u010delik &#8211; Roca polirane \u010deli\u010dne brisa\u010de s umetkom od prirodne gume. Opremljeni su sa<\/p>\n","protected":false},"featured_media":5939188,"comment_status":"closed","ping_status":"closed","template":"","meta":[],"product_brand":[3236],"product_cat":[1735],"product_tag":[],"class_list":{"0":"post-3688151","1":"product","2":"type-product","3":"status-publish","4":"has-post-thumbnail","6":"product_brand-osculati-hr","7":"product_cat-brisaci-vjetrobranskog-stakla-na-brodu","9":"first","10":"instock","11":"shipping-taxable","12":"purchasable","13":"product-type-simple"},"_links":{"self":[{"href":"https:\/\/stoic-curie.212-227-153-4.plesk.page\/hr\/wp-json\/wp\/v2\/product\/3688151","targetHints":{"allow":["GET"]}}],"collection":[{"href":"https:\/\/stoic-curie.212-227-153-4.plesk.page\/hr\/wp-json\/wp\/v2\/product"}],"about":[{"href":"https:\/\/stoic-curie.212-227-153-4.plesk.page\/hr\/wp-json\/wp\/v2\/types\/product"}],"replies":[{"embeddable":true,"href":"https:\/\/stoic-curie.212-227-153-4.plesk.page\/hr\/wp-json\/wp\/v2\/comments?post=3688151"}],"version-history":[{"count":0,"href":"https:\/\/stoic-curie.212-227-153-4.plesk.page\/hr\/wp-json\/wp\/v2\/product\/3688151\/revisions"}],"wp:featuredmedia":[{"embeddable":true,"href":"https:\/\/stoic-curie.212-227-153-4.plesk.page\/hr\/wp-json\/wp\/v2\/media\/5939188"}],"wp:attachment":[{"href":"https:\/\/stoic-curie.212-227-153-4.plesk.page\/hr\/wp-json\/wp\/v2\/media?parent=3688151"}],"wp:term":[{"taxonomy":"product_brand","embeddable":true,"href":"https:\/\/stoic-curie.212-227-153-4.plesk.page\/hr\/wp-json\/wp\/v2\/product_brand?post=3688151"},{"taxonomy":"product_cat","embeddable":true,"href":"https:\/\/stoic-curie.212-227-153-4.plesk.page\/hr\/wp-json\/wp\/v2\/product_cat?post=3688151"},{"taxonomy":"product_tag","embeddable":true,"href":"https:\/\/stoic-curie.212-227-153-4.plesk.page\/hr\/wp-json\/wp\/v2\/product_tag?post=3688151"}],"curies":[{"name":"wp","href":"https:\/\/api.w.org\/{rel}","templated":true}]}}