{"id":3688157,"date":"2025-10-13T13:33:02","date_gmt":"2025-10-13T17:33:02","guid":{"rendered":"https:\/\/stoic-curie.212-227-153-4.plesk.page\/product\/prekidac-brisaca-12v-3-polozaj\/"},"modified":"2026-02-25T00:00:45","modified_gmt":"2026-02-25T00:00:45","slug":"prekidac-brisaca-12v-3-polozaj","status":"publish","type":"product","link":"https:\/\/stoic-curie.212-227-153-4.plesk.page\/hr\/product\/prekidac-brisaca-12v-3-polozaj\/","title":{"rendered":"Prekida\u010d brisa\u010da 12v 3 polo\u017eaj"},"content":{"rendered":"<p>Prekida\u010d brisa\u010da 12v 3 polo\u017eaj &#8211; <\/p>\n<p>Prekida\u010d brisa\u010da s 3 polo\u017eaja: <br \/> 1) Isklju\u010deno\/parkiranje <br \/> 2) Nisko <br \/> 3) Brzo<\/p>\n","protected":false},"excerpt":{"rendered":"<p>Prekida\u010d brisa\u010da 12v 3 polo\u017eaj &#8211; Prekida\u010d brisa\u010da s 3 polo\u017eaja: 1) Isklju\u010deno\/parkiranje 2) Nisko 3) Brzo<\/p>\n","protected":false},"featured_media":5939207,"comment_status":"closed","ping_status":"closed","template":"","meta":[],"product_brand":[2831],"product_cat":[1735,1743],"product_tag":[],"class_list":{"0":"post-3688157","1":"product","2":"type-product","3":"status-publish","4":"has-post-thumbnail","6":"product_brand-blue-sea-systems-hr","7":"product_cat-brisaci-vjetrobranskog-stakla-na-brodu","8":"product_cat-elektricni-prekidaci","10":"first","11":"instock","12":"shipping-taxable","13":"purchasable","14":"product-type-simple"},"_links":{"self":[{"href":"https:\/\/stoic-curie.212-227-153-4.plesk.page\/hr\/wp-json\/wp\/v2\/product\/3688157","targetHints":{"allow":["GET"]}}],"collection":[{"href":"https:\/\/stoic-curie.212-227-153-4.plesk.page\/hr\/wp-json\/wp\/v2\/product"}],"about":[{"href":"https:\/\/stoic-curie.212-227-153-4.plesk.page\/hr\/wp-json\/wp\/v2\/types\/product"}],"replies":[{"embeddable":true,"href":"https:\/\/stoic-curie.212-227-153-4.plesk.page\/hr\/wp-json\/wp\/v2\/comments?post=3688157"}],"version-history":[{"count":0,"href":"https:\/\/stoic-curie.212-227-153-4.plesk.page\/hr\/wp-json\/wp\/v2\/product\/3688157\/revisions"}],"wp:featuredmedia":[{"embeddable":true,"href":"https:\/\/stoic-curie.212-227-153-4.plesk.page\/hr\/wp-json\/wp\/v2\/media\/5939207"}],"wp:attachment":[{"href":"https:\/\/stoic-curie.212-227-153-4.plesk.page\/hr\/wp-json\/wp\/v2\/media?parent=3688157"}],"wp:term":[{"taxonomy":"product_brand","embeddable":true,"href":"https:\/\/stoic-curie.212-227-153-4.plesk.page\/hr\/wp-json\/wp\/v2\/product_brand?post=3688157"},{"taxonomy":"product_cat","embeddable":true,"href":"https:\/\/stoic-curie.212-227-153-4.plesk.page\/hr\/wp-json\/wp\/v2\/product_cat?post=3688157"},{"taxonomy":"product_tag","embeddable":true,"href":"https:\/\/stoic-curie.212-227-153-4.plesk.page\/hr\/wp-json\/wp\/v2\/product_tag?post=3688157"}],"curies":[{"name":"wp","href":"https:\/\/api.w.org\/{rel}","templated":true}]}}