{"id":3688165,"date":"2025-10-13T13:33:04","date_gmt":"2025-10-13T17:33:04","guid":{"rendered":"https:\/\/stoic-curie.212-227-153-4.plesk.page\/product\/magnetski-osigurac-prekidac-021aa-20a\/"},"modified":"2026-02-25T00:00:45","modified_gmt":"2026-02-25T00:00:45","slug":"magnetski-osigurac-prekidac-021aa-20a","status":"publish","type":"product","link":"https:\/\/stoic-curie.212-227-153-4.plesk.page\/hr\/product\/magnetski-osigurac-prekidac-021aa-20a\/","title":{"rendered":"Magnetski osigura\u010d\/prekidac 021aa &#8211; 20A"},"content":{"rendered":"<p>Magnetski osigura\u010d\/prekidac 021aa &#8211; 20A &#8211; <\/p>\n<p>Ponovno umetni\u010dki magnetski osigura\u010d. U slu\u010daju kratkog spoja ili velikih optere\u0107enja prekida struju. Mo\u017ee se ponovno umetnuti kada se elektri\u010dna hitnost zavr\u0161i. Standardne rupe razmaka 42,16 mm.<\/p>\n","protected":false},"excerpt":{"rendered":"<p>Magnetski osigura\u010d\/prekidac 021aa &#8211; 20A &#8211; Ponovno umetni\u010dki magnetski osigura\u010d. U slu\u010daju kratkog spoja ili velikih optere\u0107enja prekida struju. Mo\u017ee<\/p>\n","protected":false},"featured_media":5939230,"comment_status":"closed","ping_status":"closed","template":"","meta":[],"product_brand":[2831],"product_cat":[1748],"product_tag":[],"class_list":{"0":"post-3688165","1":"product","2":"type-product","3":"status-publish","4":"has-post-thumbnail","6":"product_brand-blue-sea-systems-hr","7":"product_cat-prekidaci-i-releji","9":"first","10":"instock","11":"shipping-taxable","12":"purchasable","13":"product-type-simple"},"_links":{"self":[{"href":"https:\/\/stoic-curie.212-227-153-4.plesk.page\/hr\/wp-json\/wp\/v2\/product\/3688165","targetHints":{"allow":["GET"]}}],"collection":[{"href":"https:\/\/stoic-curie.212-227-153-4.plesk.page\/hr\/wp-json\/wp\/v2\/product"}],"about":[{"href":"https:\/\/stoic-curie.212-227-153-4.plesk.page\/hr\/wp-json\/wp\/v2\/types\/product"}],"replies":[{"embeddable":true,"href":"https:\/\/stoic-curie.212-227-153-4.plesk.page\/hr\/wp-json\/wp\/v2\/comments?post=3688165"}],"version-history":[{"count":0,"href":"https:\/\/stoic-curie.212-227-153-4.plesk.page\/hr\/wp-json\/wp\/v2\/product\/3688165\/revisions"}],"wp:featuredmedia":[{"embeddable":true,"href":"https:\/\/stoic-curie.212-227-153-4.plesk.page\/hr\/wp-json\/wp\/v2\/media\/5939230"}],"wp:attachment":[{"href":"https:\/\/stoic-curie.212-227-153-4.plesk.page\/hr\/wp-json\/wp\/v2\/media?parent=3688165"}],"wp:term":[{"taxonomy":"product_brand","embeddable":true,"href":"https:\/\/stoic-curie.212-227-153-4.plesk.page\/hr\/wp-json\/wp\/v2\/product_brand?post=3688165"},{"taxonomy":"product_cat","embeddable":true,"href":"https:\/\/stoic-curie.212-227-153-4.plesk.page\/hr\/wp-json\/wp\/v2\/product_cat?post=3688165"},{"taxonomy":"product_tag","embeddable":true,"href":"https:\/\/stoic-curie.212-227-153-4.plesk.page\/hr\/wp-json\/wp\/v2\/product_tag?post=3688165"}],"curies":[{"name":"wp","href":"https:\/\/api.w.org\/{rel}","templated":true}]}}