{"id":3688190,"date":"2025-10-13T13:33:11","date_gmt":"2025-10-13T17:33:11","guid":{"rendered":"https:\/\/stoic-curie.212-227-153-4.plesk.page\/product\/ghost-crna-elektricna-ploca-s-3-prekidaca-100-x-90-mm\/"},"modified":"2026-02-25T00:00:45","modified_gmt":"2026-02-25T00:00:45","slug":"ghost-crna-elektricna-ploca-s-3-prekidaca-100-x-90-mm","status":"publish","type":"product","link":"https:\/\/stoic-curie.212-227-153-4.plesk.page\/hr\/product\/ghost-crna-elektricna-ploca-s-3-prekidaca-100-x-90-mm\/","title":{"rendered":"GHOST crna elektri\u010dna plo\u010da s 3 prekidaca 100 x 90 mm"},"content":{"rendered":"<p>GHOST crna elektri\u010dna plo\u010da s 3 prekidaca 100 x 90 mm &#8211; <\/p>\n<p>Crna anodizirana plo\u010da s vodootpornim svjetlosnim prekida\u010dima i prekida\u010dima za dugmadi, opremljena unaprijed tiskanim etiketama. Obje plo\u010de imaju 1 x (ON)-OFF i 1 x ON-OFF-ON.<\/p>\n","protected":false},"excerpt":{"rendered":"<p>GHOST crna elektri\u010dna plo\u010da s 3 prekidaca 100 x 90 mm &#8211; Crna anodizirana plo\u010da s vodootpornim svjetlosnim prekida\u010dima i<\/p>\n","protected":false},"featured_media":5939262,"comment_status":"closed","ping_status":"closed","template":"","meta":[],"product_brand":[2831],"product_cat":[1746],"product_tag":[],"class_list":{"0":"post-3688190","1":"product","2":"type-product","3":"status-publish","4":"has-post-thumbnail","6":"product_brand-blue-sea-systems-hr","7":"product_cat-elektricne-ploce-prekidaca","9":"first","10":"instock","11":"shipping-taxable","12":"purchasable","13":"product-type-simple"},"_links":{"self":[{"href":"https:\/\/stoic-curie.212-227-153-4.plesk.page\/hr\/wp-json\/wp\/v2\/product\/3688190","targetHints":{"allow":["GET"]}}],"collection":[{"href":"https:\/\/stoic-curie.212-227-153-4.plesk.page\/hr\/wp-json\/wp\/v2\/product"}],"about":[{"href":"https:\/\/stoic-curie.212-227-153-4.plesk.page\/hr\/wp-json\/wp\/v2\/types\/product"}],"replies":[{"embeddable":true,"href":"https:\/\/stoic-curie.212-227-153-4.plesk.page\/hr\/wp-json\/wp\/v2\/comments?post=3688190"}],"version-history":[{"count":0,"href":"https:\/\/stoic-curie.212-227-153-4.plesk.page\/hr\/wp-json\/wp\/v2\/product\/3688190\/revisions"}],"wp:featuredmedia":[{"embeddable":true,"href":"https:\/\/stoic-curie.212-227-153-4.plesk.page\/hr\/wp-json\/wp\/v2\/media\/5939262"}],"wp:attachment":[{"href":"https:\/\/stoic-curie.212-227-153-4.plesk.page\/hr\/wp-json\/wp\/v2\/media?parent=3688190"}],"wp:term":[{"taxonomy":"product_brand","embeddable":true,"href":"https:\/\/stoic-curie.212-227-153-4.plesk.page\/hr\/wp-json\/wp\/v2\/product_brand?post=3688190"},{"taxonomy":"product_cat","embeddable":true,"href":"https:\/\/stoic-curie.212-227-153-4.plesk.page\/hr\/wp-json\/wp\/v2\/product_cat?post=3688190"},{"taxonomy":"product_tag","embeddable":true,"href":"https:\/\/stoic-curie.212-227-153-4.plesk.page\/hr\/wp-json\/wp\/v2\/product_tag?post=3688190"}],"curies":[{"name":"wp","href":"https:\/\/api.w.org\/{rel}","templated":true}]}}