{"id":3688194,"date":"2025-10-13T13:33:12","date_gmt":"2025-10-13T17:33:12","guid":{"rendered":"https:\/\/stoic-curie.212-227-153-4.plesk.page\/product\/drzac-anl-osiguraca-quick\/"},"modified":"2026-02-25T00:00:45","modified_gmt":"2026-02-25T00:00:45","slug":"drzac-anl-osiguraca-quick","status":"publish","type":"product","link":"https:\/\/stoic-curie.212-227-153-4.plesk.page\/hr\/product\/drzac-anl-osiguraca-quick\/","title":{"rendered":"Dr\u017eac ANL osiguraca Quick"},"content":{"rendered":"<p>Dr\u017eac ANL osiguraca Quick &#8211; <\/p>\n<p>Izolirani dr\u017ea\u010d ANL osigura\u010da s za\u0161titnom re\u0161etkom. Dr\u017ei do 1 ili 2 ANL osigura\u010da.<\/p>\n","protected":false},"excerpt":{"rendered":"<p>Dr\u017eac ANL osiguraca Quick &#8211; Izolirani dr\u017ea\u010d ANL osigura\u010da s za\u0161titnom re\u0161etkom. Dr\u017ei do 1 ili 2 ANL osigura\u010da.<\/p>\n","protected":false},"featured_media":5939269,"comment_status":"closed","ping_status":"closed","template":"","meta":[],"product_brand":[3281],"product_cat":[1740,1610,1611],"product_tag":[],"class_list":{"0":"post-3688194","1":"product","2":"type-product","3":"status-publish","4":"has-post-thumbnail","6":"product_brand-quick-hr","7":"product_cat-elektricni-pribor","8":"product_cat-pramcani-potisnici-quick","9":"product_cat-vitla-quick","11":"first","12":"instock","13":"shipping-taxable","14":"purchasable","15":"product-type-simple"},"_links":{"self":[{"href":"https:\/\/stoic-curie.212-227-153-4.plesk.page\/hr\/wp-json\/wp\/v2\/product\/3688194","targetHints":{"allow":["GET"]}}],"collection":[{"href":"https:\/\/stoic-curie.212-227-153-4.plesk.page\/hr\/wp-json\/wp\/v2\/product"}],"about":[{"href":"https:\/\/stoic-curie.212-227-153-4.plesk.page\/hr\/wp-json\/wp\/v2\/types\/product"}],"replies":[{"embeddable":true,"href":"https:\/\/stoic-curie.212-227-153-4.plesk.page\/hr\/wp-json\/wp\/v2\/comments?post=3688194"}],"version-history":[{"count":0,"href":"https:\/\/stoic-curie.212-227-153-4.plesk.page\/hr\/wp-json\/wp\/v2\/product\/3688194\/revisions"}],"wp:featuredmedia":[{"embeddable":true,"href":"https:\/\/stoic-curie.212-227-153-4.plesk.page\/hr\/wp-json\/wp\/v2\/media\/5939269"}],"wp:attachment":[{"href":"https:\/\/stoic-curie.212-227-153-4.plesk.page\/hr\/wp-json\/wp\/v2\/media?parent=3688194"}],"wp:term":[{"taxonomy":"product_brand","embeddable":true,"href":"https:\/\/stoic-curie.212-227-153-4.plesk.page\/hr\/wp-json\/wp\/v2\/product_brand?post=3688194"},{"taxonomy":"product_cat","embeddable":true,"href":"https:\/\/stoic-curie.212-227-153-4.plesk.page\/hr\/wp-json\/wp\/v2\/product_cat?post=3688194"},{"taxonomy":"product_tag","embeddable":true,"href":"https:\/\/stoic-curie.212-227-153-4.plesk.page\/hr\/wp-json\/wp\/v2\/product_tag?post=3688194"}],"curies":[{"name":"wp","href":"https:\/\/api.w.org\/{rel}","templated":true}]}}