{"id":3688196,"date":"2025-10-13T13:33:12","date_gmt":"2025-10-13T17:33:12","guid":{"rendered":"https:\/\/stoic-curie.212-227-153-4.plesk.page\/product\/siva-tipka-za-iskljucivanje-u-slucaju-nuzde\/"},"modified":"2026-02-25T00:00:45","modified_gmt":"2026-02-25T00:00:45","slug":"siva-tipka-za-iskljucivanje-u-slucaju-nuzde","status":"publish","type":"product","link":"https:\/\/stoic-curie.212-227-153-4.plesk.page\/hr\/product\/siva-tipka-za-iskljucivanje-u-slucaju-nuzde\/","title":{"rendered":"Siva tipka za iskljucivanje u slucaju nu\u017ede"},"content":{"rendered":"<p>Siva tipka za iskljucivanje u slucaju nu\u017ede &#8211; <\/p>\n<p>Univerzalni sigurnosni prekida\u010d s kapicom i brzo povla\u010denjem u\u017eeta koji prekida paljenje i zaustavlja vanbrodski motor u slu\u010daju pada \u010dovjeka u more. Spoj s 4 pinova. C polarno o\u017ei\u010denje: prekid kruga za motore nove generacije. M polarno o\u017ei\u010denje: prekid uzemljenja za stare generacije motora.<\/p>\n","protected":false},"excerpt":{"rendered":"<p>Siva tipka za iskljucivanje u slucaju nu\u017ede &#8211; Univerzalni sigurnosni prekida\u010d s kapicom i brzo povla\u010denjem u\u017eeta koji prekida paljenje<\/p>\n","protected":false},"featured_media":5939272,"comment_status":"closed","ping_status":"closed","template":"","meta":[],"product_brand":[3236],"product_cat":[1827],"product_tag":[],"class_list":{"0":"post-3688196","1":"product","2":"type-product","3":"status-publish","4":"has-post-thumbnail","6":"product_brand-osculati-hr","7":"product_cat-dodatna-oprema-za-vanbrodske-motore","9":"first","10":"instock","11":"shipping-taxable","12":"purchasable","13":"product-type-simple"},"_links":{"self":[{"href":"https:\/\/stoic-curie.212-227-153-4.plesk.page\/hr\/wp-json\/wp\/v2\/product\/3688196","targetHints":{"allow":["GET"]}}],"collection":[{"href":"https:\/\/stoic-curie.212-227-153-4.plesk.page\/hr\/wp-json\/wp\/v2\/product"}],"about":[{"href":"https:\/\/stoic-curie.212-227-153-4.plesk.page\/hr\/wp-json\/wp\/v2\/types\/product"}],"replies":[{"embeddable":true,"href":"https:\/\/stoic-curie.212-227-153-4.plesk.page\/hr\/wp-json\/wp\/v2\/comments?post=3688196"}],"version-history":[{"count":0,"href":"https:\/\/stoic-curie.212-227-153-4.plesk.page\/hr\/wp-json\/wp\/v2\/product\/3688196\/revisions"}],"wp:featuredmedia":[{"embeddable":true,"href":"https:\/\/stoic-curie.212-227-153-4.plesk.page\/hr\/wp-json\/wp\/v2\/media\/5939272"}],"wp:attachment":[{"href":"https:\/\/stoic-curie.212-227-153-4.plesk.page\/hr\/wp-json\/wp\/v2\/media?parent=3688196"}],"wp:term":[{"taxonomy":"product_brand","embeddable":true,"href":"https:\/\/stoic-curie.212-227-153-4.plesk.page\/hr\/wp-json\/wp\/v2\/product_brand?post=3688196"},{"taxonomy":"product_cat","embeddable":true,"href":"https:\/\/stoic-curie.212-227-153-4.plesk.page\/hr\/wp-json\/wp\/v2\/product_cat?post=3688196"},{"taxonomy":"product_tag","embeddable":true,"href":"https:\/\/stoic-curie.212-227-153-4.plesk.page\/hr\/wp-json\/wp\/v2\/product_tag?post=3688196"}],"curies":[{"name":"wp","href":"https:\/\/api.w.org\/{rel}","templated":true}]}}