{"id":3688202,"date":"2025-10-13T13:33:14","date_gmt":"2025-10-13T17:33:14","guid":{"rendered":"https:\/\/stoic-curie.212-227-153-4.plesk.page\/product\/abs-crna-ploca-sa-6-led-vodootporna-prekidaca-125-x-h-100-mm\/"},"modified":"2026-02-25T00:00:45","modified_gmt":"2026-02-25T00:00:45","slug":"abs-crna-ploca-sa-6-led-vodootporna-prekidaca-125-x-h-100-mm","status":"publish","type":"product","link":"https:\/\/stoic-curie.212-227-153-4.plesk.page\/hr\/product\/abs-crna-ploca-sa-6-led-vodootporna-prekidaca-125-x-h-100-mm\/","title":{"rendered":"ABS crna plo\u010da sa  6 Led vodootporna prekida\u010da 125 x H 100 mm"},"content":{"rendered":"<p>ABS crna plo\u010da sa  6 Led vodootporna prekida\u010da 125 x H 100 mm &#8211; <\/p>\n<p>ABS plo\u010da s vodootpornim prekida\u010dima i dr\u017ea\u010dima osigura\u010da, kompletna s unaprijed ispisanim oznakama.<\/p>\n","protected":false},"excerpt":{"rendered":"<p>ABS crna plo\u010da sa 6 Led vodootporna prekida\u010da 125 x H 100 mm &#8211; ABS plo\u010da s vodootpornim prekida\u010dima i<\/p>\n","protected":false},"featured_media":5939276,"comment_status":"closed","ping_status":"closed","template":"","meta":[],"product_brand":[3236],"product_cat":[1746],"product_tag":[],"class_list":{"0":"post-3688202","1":"product","2":"type-product","3":"status-publish","4":"has-post-thumbnail","6":"product_brand-osculati-hr","7":"product_cat-elektricne-ploce-prekidaca","9":"first","10":"instock","11":"shipping-taxable","12":"purchasable","13":"product-type-simple"},"_links":{"self":[{"href":"https:\/\/stoic-curie.212-227-153-4.plesk.page\/hr\/wp-json\/wp\/v2\/product\/3688202","targetHints":{"allow":["GET"]}}],"collection":[{"href":"https:\/\/stoic-curie.212-227-153-4.plesk.page\/hr\/wp-json\/wp\/v2\/product"}],"about":[{"href":"https:\/\/stoic-curie.212-227-153-4.plesk.page\/hr\/wp-json\/wp\/v2\/types\/product"}],"replies":[{"embeddable":true,"href":"https:\/\/stoic-curie.212-227-153-4.plesk.page\/hr\/wp-json\/wp\/v2\/comments?post=3688202"}],"version-history":[{"count":0,"href":"https:\/\/stoic-curie.212-227-153-4.plesk.page\/hr\/wp-json\/wp\/v2\/product\/3688202\/revisions"}],"wp:featuredmedia":[{"embeddable":true,"href":"https:\/\/stoic-curie.212-227-153-4.plesk.page\/hr\/wp-json\/wp\/v2\/media\/5939276"}],"wp:attachment":[{"href":"https:\/\/stoic-curie.212-227-153-4.plesk.page\/hr\/wp-json\/wp\/v2\/media?parent=3688202"}],"wp:term":[{"taxonomy":"product_brand","embeddable":true,"href":"https:\/\/stoic-curie.212-227-153-4.plesk.page\/hr\/wp-json\/wp\/v2\/product_brand?post=3688202"},{"taxonomy":"product_cat","embeddable":true,"href":"https:\/\/stoic-curie.212-227-153-4.plesk.page\/hr\/wp-json\/wp\/v2\/product_cat?post=3688202"},{"taxonomy":"product_tag","embeddable":true,"href":"https:\/\/stoic-curie.212-227-153-4.plesk.page\/hr\/wp-json\/wp\/v2\/product_tag?post=3688202"}],"curies":[{"name":"wp","href":"https:\/\/api.w.org\/{rel}","templated":true}]}}