{"id":3688209,"date":"2025-10-13T13:33:15","date_gmt":"2025-10-13T17:33:15","guid":{"rendered":"https:\/\/stoic-curie.212-227-153-4.plesk.page\/product\/tehnopolimerni-prekidac-baterije-quick-100a\/"},"modified":"2026-02-25T00:00:46","modified_gmt":"2026-02-25T00:00:46","slug":"tehnopolimerni-prekidac-baterije-quick-100a","status":"publish","type":"product","link":"https:\/\/stoic-curie.212-227-153-4.plesk.page\/hr\/product\/tehnopolimerni-prekidac-baterije-quick-100a\/","title":{"rendered":"Tehnopolimerni prekida\u010d baterije Quick 100a"},"content":{"rendered":"<p>Tehnopolimerni prekida\u010d baterije Quick 100a &#8211; <\/p>\n<p>Dodatni prekida\u010d za bateriju od 100A s ku\u0107i\u0161tem od tehnopolimera i vodootpornim gumiranim brtvilom.<\/p>\n","protected":false},"excerpt":{"rendered":"<p>Tehnopolimerni prekida\u010d baterije Quick 100a &#8211; Dodatni prekida\u010d za bateriju od 100A s ku\u0107i\u0161tem od tehnopolimera i vodootpornim gumiranim brtvilom.<\/p>\n","protected":false},"featured_media":5939297,"comment_status":"closed","ping_status":"closed","template":"","meta":[],"product_brand":[3281],"product_cat":[1745],"product_tag":[],"class_list":{"0":"post-3688209","1":"product","2":"type-product","3":"status-publish","4":"has-post-thumbnail","6":"product_brand-quick-hr","7":"product_cat-prekidaci-baterija","9":"first","10":"instock","11":"shipping-taxable","12":"purchasable","13":"product-type-simple"},"_links":{"self":[{"href":"https:\/\/stoic-curie.212-227-153-4.plesk.page\/hr\/wp-json\/wp\/v2\/product\/3688209","targetHints":{"allow":["GET"]}}],"collection":[{"href":"https:\/\/stoic-curie.212-227-153-4.plesk.page\/hr\/wp-json\/wp\/v2\/product"}],"about":[{"href":"https:\/\/stoic-curie.212-227-153-4.plesk.page\/hr\/wp-json\/wp\/v2\/types\/product"}],"replies":[{"embeddable":true,"href":"https:\/\/stoic-curie.212-227-153-4.plesk.page\/hr\/wp-json\/wp\/v2\/comments?post=3688209"}],"version-history":[{"count":0,"href":"https:\/\/stoic-curie.212-227-153-4.plesk.page\/hr\/wp-json\/wp\/v2\/product\/3688209\/revisions"}],"wp:featuredmedia":[{"embeddable":true,"href":"https:\/\/stoic-curie.212-227-153-4.plesk.page\/hr\/wp-json\/wp\/v2\/media\/5939297"}],"wp:attachment":[{"href":"https:\/\/stoic-curie.212-227-153-4.plesk.page\/hr\/wp-json\/wp\/v2\/media?parent=3688209"}],"wp:term":[{"taxonomy":"product_brand","embeddable":true,"href":"https:\/\/stoic-curie.212-227-153-4.plesk.page\/hr\/wp-json\/wp\/v2\/product_brand?post=3688209"},{"taxonomy":"product_cat","embeddable":true,"href":"https:\/\/stoic-curie.212-227-153-4.plesk.page\/hr\/wp-json\/wp\/v2\/product_cat?post=3688209"},{"taxonomy":"product_tag","embeddable":true,"href":"https:\/\/stoic-curie.212-227-153-4.plesk.page\/hr\/wp-json\/wp\/v2\/product_tag?post=3688209"}],"curies":[{"name":"wp","href":"https:\/\/api.w.org\/{rel}","templated":true}]}}