{"id":3688212,"date":"2025-10-13T13:33:16","date_gmt":"2025-10-13T17:33:16","guid":{"rendered":"https:\/\/stoic-curie.212-227-153-4.plesk.page\/product\/175a-klasicni-prekidac-akumulatora\/"},"modified":"2026-02-25T00:00:46","modified_gmt":"2026-02-25T00:00:46","slug":"175a-klasicni-prekidac-akumulatora","status":"publish","type":"product","link":"https:\/\/stoic-curie.212-227-153-4.plesk.page\/hr\/product\/175a-klasicni-prekidac-akumulatora\/","title":{"rendered":"175a Klasicni prekidac akumulatora"},"content":{"rendered":"<p>175a Klasicni prekidac akumulatora &#8211; <\/p>\n<p>Prekida\u010d za odabir baterije s \u010detiri polo\u017eaja. Omogu\u0107uje izolaciju baterije, odabir jedne od dvije baterije ili istovremeni odabir obje.<\/p>\n","protected":false},"excerpt":{"rendered":"<p>175a Klasicni prekidac akumulatora &#8211; Prekida\u010d za odabir baterije s \u010detiri polo\u017eaja. Omogu\u0107uje izolaciju baterije, odabir jedne od dvije baterije<\/p>\n","protected":false},"featured_media":5939301,"comment_status":"closed","ping_status":"closed","template":"","meta":[],"product_brand":[2831],"product_cat":[1745],"product_tag":[],"class_list":{"0":"post-3688212","1":"product","2":"type-product","3":"status-publish","4":"has-post-thumbnail","6":"product_brand-blue-sea-systems-hr","7":"product_cat-prekidaci-baterija","9":"first","10":"instock","11":"shipping-taxable","12":"purchasable","13":"product-type-simple"},"_links":{"self":[{"href":"https:\/\/stoic-curie.212-227-153-4.plesk.page\/hr\/wp-json\/wp\/v2\/product\/3688212","targetHints":{"allow":["GET"]}}],"collection":[{"href":"https:\/\/stoic-curie.212-227-153-4.plesk.page\/hr\/wp-json\/wp\/v2\/product"}],"about":[{"href":"https:\/\/stoic-curie.212-227-153-4.plesk.page\/hr\/wp-json\/wp\/v2\/types\/product"}],"replies":[{"embeddable":true,"href":"https:\/\/stoic-curie.212-227-153-4.plesk.page\/hr\/wp-json\/wp\/v2\/comments?post=3688212"}],"version-history":[{"count":0,"href":"https:\/\/stoic-curie.212-227-153-4.plesk.page\/hr\/wp-json\/wp\/v2\/product\/3688212\/revisions"}],"wp:featuredmedia":[{"embeddable":true,"href":"https:\/\/stoic-curie.212-227-153-4.plesk.page\/hr\/wp-json\/wp\/v2\/media\/5939301"}],"wp:attachment":[{"href":"https:\/\/stoic-curie.212-227-153-4.plesk.page\/hr\/wp-json\/wp\/v2\/media?parent=3688212"}],"wp:term":[{"taxonomy":"product_brand","embeddable":true,"href":"https:\/\/stoic-curie.212-227-153-4.plesk.page\/hr\/wp-json\/wp\/v2\/product_brand?post=3688212"},{"taxonomy":"product_cat","embeddable":true,"href":"https:\/\/stoic-curie.212-227-153-4.plesk.page\/hr\/wp-json\/wp\/v2\/product_cat?post=3688212"},{"taxonomy":"product_tag","embeddable":true,"href":"https:\/\/stoic-curie.212-227-153-4.plesk.page\/hr\/wp-json\/wp\/v2\/product_tag?post=3688212"}],"curies":[{"name":"wp","href":"https:\/\/api.w.org\/{rel}","templated":true}]}}