{"id":3688219,"date":"2025-10-13T13:33:18","date_gmt":"2025-10-13T17:33:18","guid":{"rendered":"https:\/\/stoic-curie.212-227-153-4.plesk.page\/product\/prekidac-za-paljenje-3t-20mm\/"},"modified":"2026-02-25T00:00:46","modified_gmt":"2026-02-25T00:00:46","slug":"prekidac-za-paljenje-3t-20mm","status":"publish","type":"product","link":"https:\/\/stoic-curie.212-227-153-4.plesk.page\/hr\/product\/prekidac-za-paljenje-3t-20mm\/","title":{"rendered":"Prekidac za paljenje 3t 20mm"},"content":{"rendered":"<p>Prekidac za paljenje 3t 20mm &#8211; <\/p>\n<p>Mesingansko ku\u0107i\u0161te, gumeni brtveni \u010dep za paljenje\/prekida\u010d benzinskog motora. 3 Pin \u2013 3 Pozicije.<\/p>\n","protected":false},"excerpt":{"rendered":"<p>Prekidac za paljenje 3t 20mm &#8211; Mesingansko ku\u0107i\u0161te, gumeni brtveni \u010dep za paljenje\/prekida\u010d benzinskog motora. 3 Pin \u2013 3 Pozicije.<\/p>\n","protected":false},"featured_media":5939310,"comment_status":"closed","ping_status":"closed","template":"","meta":[],"product_brand":[2831],"product_cat":[1796],"product_tag":[],"class_list":{"0":"post-3688219","1":"product","2":"type-product","3":"status-publish","4":"has-post-thumbnail","6":"product_brand-blue-sea-systems-hr","7":"product_cat-prekidaci-za-paljenje","9":"first","10":"instock","11":"shipping-taxable","12":"purchasable","13":"product-type-simple"},"_links":{"self":[{"href":"https:\/\/stoic-curie.212-227-153-4.plesk.page\/hr\/wp-json\/wp\/v2\/product\/3688219","targetHints":{"allow":["GET"]}}],"collection":[{"href":"https:\/\/stoic-curie.212-227-153-4.plesk.page\/hr\/wp-json\/wp\/v2\/product"}],"about":[{"href":"https:\/\/stoic-curie.212-227-153-4.plesk.page\/hr\/wp-json\/wp\/v2\/types\/product"}],"replies":[{"embeddable":true,"href":"https:\/\/stoic-curie.212-227-153-4.plesk.page\/hr\/wp-json\/wp\/v2\/comments?post=3688219"}],"version-history":[{"count":0,"href":"https:\/\/stoic-curie.212-227-153-4.plesk.page\/hr\/wp-json\/wp\/v2\/product\/3688219\/revisions"}],"wp:featuredmedia":[{"embeddable":true,"href":"https:\/\/stoic-curie.212-227-153-4.plesk.page\/hr\/wp-json\/wp\/v2\/media\/5939310"}],"wp:attachment":[{"href":"https:\/\/stoic-curie.212-227-153-4.plesk.page\/hr\/wp-json\/wp\/v2\/media?parent=3688219"}],"wp:term":[{"taxonomy":"product_brand","embeddable":true,"href":"https:\/\/stoic-curie.212-227-153-4.plesk.page\/hr\/wp-json\/wp\/v2\/product_brand?post=3688219"},{"taxonomy":"product_cat","embeddable":true,"href":"https:\/\/stoic-curie.212-227-153-4.plesk.page\/hr\/wp-json\/wp\/v2\/product_cat?post=3688219"},{"taxonomy":"product_tag","embeddable":true,"href":"https:\/\/stoic-curie.212-227-153-4.plesk.page\/hr\/wp-json\/wp\/v2\/product_tag?post=3688219"}],"curies":[{"name":"wp","href":"https:\/\/api.w.org\/{rel}","templated":true}]}}