{"id":3688232,"date":"2025-10-13T13:33:21","date_gmt":"2025-10-13T17:33:21","guid":{"rendered":"https:\/\/stoic-curie.212-227-153-4.plesk.page\/product\/elektricna-uticnica-i-utikac-quick-hypertac-3-pola-12ampera\/"},"modified":"2026-02-25T00:00:46","modified_gmt":"2026-02-25T00:00:46","slug":"elektricna-uticnica-i-utikac-quick-hypertac-3-pola-12ampera","status":"publish","type":"product","link":"https:\/\/stoic-curie.212-227-153-4.plesk.page\/hr\/product\/elektricna-uticnica-i-utikac-quick-hypertac-3-pola-12ampera\/","title":{"rendered":"Elektricna uticnica i utikac Quick Hypertac 3 pola 12ampera"},"content":{"rendered":"<p>Elektricna uticnica i utikac Quick Hypertac 3 pola 12ampera &#8211; <\/p>\n<p>IP67 vodootporne polikarbonatne uti\u010dnice s uklju\u010denim priklju\u010dkom. Visokokapacitetni Hypertac kontakti s izvanrednom elektri\u010dnom kontinuitetom.<\/p>\n","protected":false},"excerpt":{"rendered":"<p>Elektricna uticnica i utikac Quick Hypertac 3 pola 12ampera &#8211; IP67 vodootporne polikarbonatne uti\u010dnice s uklju\u010denim priklju\u010dkom. Visokokapacitetni Hypertac kontakti<\/p>\n","protected":false},"featured_media":5939326,"comment_status":"closed","ping_status":"closed","template":"","meta":[],"product_brand":[3281],"product_cat":[1740],"product_tag":[],"class_list":{"0":"post-3688232","1":"product","2":"type-product","3":"status-publish","4":"has-post-thumbnail","6":"product_brand-quick-hr","7":"product_cat-elektricni-pribor","9":"first","10":"instock","11":"shipping-taxable","12":"purchasable","13":"product-type-simple"},"_links":{"self":[{"href":"https:\/\/stoic-curie.212-227-153-4.plesk.page\/hr\/wp-json\/wp\/v2\/product\/3688232","targetHints":{"allow":["GET"]}}],"collection":[{"href":"https:\/\/stoic-curie.212-227-153-4.plesk.page\/hr\/wp-json\/wp\/v2\/product"}],"about":[{"href":"https:\/\/stoic-curie.212-227-153-4.plesk.page\/hr\/wp-json\/wp\/v2\/types\/product"}],"replies":[{"embeddable":true,"href":"https:\/\/stoic-curie.212-227-153-4.plesk.page\/hr\/wp-json\/wp\/v2\/comments?post=3688232"}],"version-history":[{"count":0,"href":"https:\/\/stoic-curie.212-227-153-4.plesk.page\/hr\/wp-json\/wp\/v2\/product\/3688232\/revisions"}],"wp:featuredmedia":[{"embeddable":true,"href":"https:\/\/stoic-curie.212-227-153-4.plesk.page\/hr\/wp-json\/wp\/v2\/media\/5939326"}],"wp:attachment":[{"href":"https:\/\/stoic-curie.212-227-153-4.plesk.page\/hr\/wp-json\/wp\/v2\/media?parent=3688232"}],"wp:term":[{"taxonomy":"product_brand","embeddable":true,"href":"https:\/\/stoic-curie.212-227-153-4.plesk.page\/hr\/wp-json\/wp\/v2\/product_brand?post=3688232"},{"taxonomy":"product_cat","embeddable":true,"href":"https:\/\/stoic-curie.212-227-153-4.plesk.page\/hr\/wp-json\/wp\/v2\/product_cat?post=3688232"},{"taxonomy":"product_tag","embeddable":true,"href":"https:\/\/stoic-curie.212-227-153-4.plesk.page\/hr\/wp-json\/wp\/v2\/product_tag?post=3688232"}],"curies":[{"name":"wp","href":"https:\/\/api.w.org\/{rel}","templated":true}]}}