{"id":3688233,"date":"2025-10-13T13:33:22","date_gmt":"2025-10-13T17:33:22","guid":{"rendered":"https:\/\/stoic-curie.212-227-153-4.plesk.page\/product\/elektricna-uticnica-i-utikac-quick-hypertac-5-polova-12ampera\/"},"modified":"2026-02-25T00:00:46","modified_gmt":"2026-02-25T00:00:46","slug":"elektricna-uticnica-i-utikac-quick-hypertac-5-polova-12ampera","status":"publish","type":"product","link":"https:\/\/stoic-curie.212-227-153-4.plesk.page\/hr\/product\/elektricna-uticnica-i-utikac-quick-hypertac-5-polova-12ampera\/","title":{"rendered":"Elektricna uticnica i utikac Quick Hypertac 5 polova 12ampera"},"content":{"rendered":"<p>Elektricna uticnica i utikac Quick Hypertac 5 polova 12ampera &#8211; <\/p>\n<p>Vodootporna ku\u0107i\u0161ta od polikarbonata IP67 s utika\u010dem. Kontakti Hypertac velike kapacitete s izvanrednom elektri\u010dnom kontinuitetom.<\/p>\n","protected":false},"excerpt":{"rendered":"<p>Elektricna uticnica i utikac Quick Hypertac 5 polova 12ampera &#8211; Vodootporna ku\u0107i\u0161ta od polikarbonata IP67 s utika\u010dem. Kontakti Hypertac velike<\/p>\n","protected":false},"featured_media":5939326,"comment_status":"closed","ping_status":"closed","template":"","meta":[],"product_brand":[3281],"product_cat":[1740],"product_tag":[],"class_list":{"0":"post-3688233","1":"product","2":"type-product","3":"status-publish","4":"has-post-thumbnail","6":"product_brand-quick-hr","7":"product_cat-elektricni-pribor","9":"first","10":"instock","11":"shipping-taxable","12":"purchasable","13":"product-type-simple"},"_links":{"self":[{"href":"https:\/\/stoic-curie.212-227-153-4.plesk.page\/hr\/wp-json\/wp\/v2\/product\/3688233","targetHints":{"allow":["GET"]}}],"collection":[{"href":"https:\/\/stoic-curie.212-227-153-4.plesk.page\/hr\/wp-json\/wp\/v2\/product"}],"about":[{"href":"https:\/\/stoic-curie.212-227-153-4.plesk.page\/hr\/wp-json\/wp\/v2\/types\/product"}],"replies":[{"embeddable":true,"href":"https:\/\/stoic-curie.212-227-153-4.plesk.page\/hr\/wp-json\/wp\/v2\/comments?post=3688233"}],"version-history":[{"count":0,"href":"https:\/\/stoic-curie.212-227-153-4.plesk.page\/hr\/wp-json\/wp\/v2\/product\/3688233\/revisions"}],"wp:featuredmedia":[{"embeddable":true,"href":"https:\/\/stoic-curie.212-227-153-4.plesk.page\/hr\/wp-json\/wp\/v2\/media\/5939326"}],"wp:attachment":[{"href":"https:\/\/stoic-curie.212-227-153-4.plesk.page\/hr\/wp-json\/wp\/v2\/media?parent=3688233"}],"wp:term":[{"taxonomy":"product_brand","embeddable":true,"href":"https:\/\/stoic-curie.212-227-153-4.plesk.page\/hr\/wp-json\/wp\/v2\/product_brand?post=3688233"},{"taxonomy":"product_cat","embeddable":true,"href":"https:\/\/stoic-curie.212-227-153-4.plesk.page\/hr\/wp-json\/wp\/v2\/product_cat?post=3688233"},{"taxonomy":"product_tag","embeddable":true,"href":"https:\/\/stoic-curie.212-227-153-4.plesk.page\/hr\/wp-json\/wp\/v2\/product_tag?post=3688233"}],"curies":[{"name":"wp","href":"https:\/\/api.w.org\/{rel}","templated":true}]}}