{"id":3688263,"date":"2025-10-13T13:33:30","date_gmt":"2025-10-13T17:33:30","guid":{"rendered":"https:\/\/stoic-curie.212-227-153-4.plesk.page\/product\/reflektor-od-nehrdajuceg-celika-s-rotirajucom-bazom-od-12-do-110-mm\/"},"modified":"2026-02-25T00:00:46","modified_gmt":"2026-02-25T00:00:46","slug":"reflektor-od-nehrdajuceg-celika-s-rotirajucom-bazom-od-12-do-110-mm","status":"publish","type":"product","link":"https:\/\/stoic-curie.212-227-153-4.plesk.page\/hr\/product\/reflektor-od-nehrdajuceg-celika-s-rotirajucom-bazom-od-12-do-110-mm\/","title":{"rendered":"Reflektor od nehr\u0111aju\u0107eg \u010delika s rotirajucom bazom od 12 do 110 mm"},"content":{"rendered":"<p>Reflektor od nehr\u0111aju\u0107eg \u010delika s rotirajucom bazom od 12 do 110 mm &#8211; <\/p>\n<p>Rotiraju\u0107a monta\u017ea za rasvjetu od nehr\u0111aju\u0107eg \u010delika. <br \/>\u017darulja \u00d8 110 mm.<\/p>\n","protected":false},"excerpt":{"rendered":"<p>Reflektor od nehr\u0111aju\u0107eg \u010delika s rotirajucom bazom od 12 do 110 mm &#8211; Rotiraju\u0107a monta\u017ea za rasvjetu od nehr\u0111aju\u0107eg \u010delika.<\/p>\n","protected":false},"featured_media":5939381,"comment_status":"closed","ping_status":"closed","template":"","meta":[],"product_brand":[3236],"product_cat":[1734],"product_tag":[],"class_list":{"0":"post-3688263","1":"product","2":"type-product","3":"status-publish","4":"has-post-thumbnail","6":"product_brand-osculati-hr","7":"product_cat-brodski-reflektori","9":"first","10":"instock","11":"shipping-taxable","12":"purchasable","13":"product-type-simple"},"_links":{"self":[{"href":"https:\/\/stoic-curie.212-227-153-4.plesk.page\/hr\/wp-json\/wp\/v2\/product\/3688263","targetHints":{"allow":["GET"]}}],"collection":[{"href":"https:\/\/stoic-curie.212-227-153-4.plesk.page\/hr\/wp-json\/wp\/v2\/product"}],"about":[{"href":"https:\/\/stoic-curie.212-227-153-4.plesk.page\/hr\/wp-json\/wp\/v2\/types\/product"}],"replies":[{"embeddable":true,"href":"https:\/\/stoic-curie.212-227-153-4.plesk.page\/hr\/wp-json\/wp\/v2\/comments?post=3688263"}],"version-history":[{"count":0,"href":"https:\/\/stoic-curie.212-227-153-4.plesk.page\/hr\/wp-json\/wp\/v2\/product\/3688263\/revisions"}],"wp:featuredmedia":[{"embeddable":true,"href":"https:\/\/stoic-curie.212-227-153-4.plesk.page\/hr\/wp-json\/wp\/v2\/media\/5939381"}],"wp:attachment":[{"href":"https:\/\/stoic-curie.212-227-153-4.plesk.page\/hr\/wp-json\/wp\/v2\/media?parent=3688263"}],"wp:term":[{"taxonomy":"product_brand","embeddable":true,"href":"https:\/\/stoic-curie.212-227-153-4.plesk.page\/hr\/wp-json\/wp\/v2\/product_brand?post=3688263"},{"taxonomy":"product_cat","embeddable":true,"href":"https:\/\/stoic-curie.212-227-153-4.plesk.page\/hr\/wp-json\/wp\/v2\/product_cat?post=3688263"},{"taxonomy":"product_tag","embeddable":true,"href":"https:\/\/stoic-curie.212-227-153-4.plesk.page\/hr\/wp-json\/wp\/v2\/product_tag?post=3688263"}],"curies":[{"name":"wp","href":"https:\/\/api.w.org\/{rel}","templated":true}]}}