{"id":3688266,"date":"2025-10-13T13:33:30","date_gmt":"2025-10-13T17:33:30","guid":{"rendered":"https:\/\/stoic-curie.212-227-153-4.plesk.page\/product\/reflektor-bijeli-za-jarbol-110mm-12v\/"},"modified":"2026-02-25T00:00:46","modified_gmt":"2026-02-25T00:00:46","slug":"reflektor-bijeli-za-jarbol-110mm-12v","status":"publish","type":"product","link":"https:\/\/stoic-curie.212-227-153-4.plesk.page\/hr\/product\/reflektor-bijeli-za-jarbol-110mm-12v\/","title":{"rendered":"Reflektor bijeli za jarbol 110mm 12V"},"content":{"rendered":"<p>Reflektor bijeli za jarbol 110mm 12V &#8211; <\/p>\n<p>Vodootporna halogenska lampica za palubu. Mekano PVC tijelo s nosa\u010dem za stablo od nehr\u0111aju\u0107eg \u010delika. Vodonepropusna \u017earulja \u00c3\u00b8 110 mm. 12V\/35W.<\/p>\n","protected":false},"excerpt":{"rendered":"<p>Reflektor bijeli za jarbol 110mm 12V &#8211; Vodootporna halogenska lampica za palubu. Mekano PVC tijelo s nosa\u010dem za stablo od<\/p>\n","protected":false},"featured_media":5939383,"comment_status":"closed","ping_status":"closed","template":"","meta":[],"product_brand":[3236],"product_cat":[1734],"product_tag":[],"class_list":{"0":"post-3688266","1":"product","2":"type-product","3":"status-publish","4":"has-post-thumbnail","6":"product_brand-osculati-hr","7":"product_cat-brodski-reflektori","9":"first","10":"instock","11":"shipping-taxable","12":"purchasable","13":"product-type-simple"},"_links":{"self":[{"href":"https:\/\/stoic-curie.212-227-153-4.plesk.page\/hr\/wp-json\/wp\/v2\/product\/3688266","targetHints":{"allow":["GET"]}}],"collection":[{"href":"https:\/\/stoic-curie.212-227-153-4.plesk.page\/hr\/wp-json\/wp\/v2\/product"}],"about":[{"href":"https:\/\/stoic-curie.212-227-153-4.plesk.page\/hr\/wp-json\/wp\/v2\/types\/product"}],"replies":[{"embeddable":true,"href":"https:\/\/stoic-curie.212-227-153-4.plesk.page\/hr\/wp-json\/wp\/v2\/comments?post=3688266"}],"version-history":[{"count":0,"href":"https:\/\/stoic-curie.212-227-153-4.plesk.page\/hr\/wp-json\/wp\/v2\/product\/3688266\/revisions"}],"wp:featuredmedia":[{"embeddable":true,"href":"https:\/\/stoic-curie.212-227-153-4.plesk.page\/hr\/wp-json\/wp\/v2\/media\/5939383"}],"wp:attachment":[{"href":"https:\/\/stoic-curie.212-227-153-4.plesk.page\/hr\/wp-json\/wp\/v2\/media?parent=3688266"}],"wp:term":[{"taxonomy":"product_brand","embeddable":true,"href":"https:\/\/stoic-curie.212-227-153-4.plesk.page\/hr\/wp-json\/wp\/v2\/product_brand?post=3688266"},{"taxonomy":"product_cat","embeddable":true,"href":"https:\/\/stoic-curie.212-227-153-4.plesk.page\/hr\/wp-json\/wp\/v2\/product_cat?post=3688266"},{"taxonomy":"product_tag","embeddable":true,"href":"https:\/\/stoic-curie.212-227-153-4.plesk.page\/hr\/wp-json\/wp\/v2\/product_tag?post=3688266"}],"curies":[{"name":"wp","href":"https:\/\/api.w.org\/{rel}","templated":true}]}}