{"id":3688270,"date":"2025-10-13T13:33:31","date_gmt":"2025-10-13T17:33:31","guid":{"rendered":"https:\/\/stoic-curie.212-227-153-4.plesk.page\/product\/kromirano-svjetlo-za-citanje-420-mm-crveno\/"},"modified":"2026-02-25T00:00:46","modified_gmt":"2026-02-25T00:00:46","slug":"kromirano-svjetlo-za-citanje-420-mm-crveno","status":"publish","type":"product","link":"https:\/\/stoic-curie.212-227-153-4.plesk.page\/hr\/product\/kromirano-svjetlo-za-citanje-420-mm-crveno\/","title":{"rendered":"Kromirano svjetlo za citanje 420 mm crveno"},"content":{"rendered":"<p>Kromirano svjetlo za citanje 420 mm crveno &#8211; <\/p>\n<p>Kromirana mesingana fleksibilna vrata 8 LED svjetlo za karte. Crna polymer baza i ku\u0107i\u0161te. Potro\u0161nja 0,56 W. 6000 K\u00c2\u00b0 hladna bijela svjetlost.<\/p>\n","protected":false},"excerpt":{"rendered":"<p>Kromirano svjetlo za citanje 420 mm crveno &#8211; Kromirana mesingana fleksibilna vrata 8 LED svjetlo za karte. Crna polymer baza<\/p>\n","protected":false},"featured_media":5939394,"comment_status":"closed","ping_status":"closed","template":"","meta":[],"product_brand":[3221],"product_cat":[1774,1739],"product_tag":[],"class_list":{"0":"post-3688270","1":"product","2":"type-product","3":"status-publish","4":"has-post-thumbnail","6":"product_brand-oceanled-hr","7":"product_cat-alati-i-instrumenti-za-navigacijske-karte","8":"product_cat-rasvjeta","10":"first","11":"instock","12":"shipping-taxable","13":"purchasable","14":"product-type-simple"},"_links":{"self":[{"href":"https:\/\/stoic-curie.212-227-153-4.plesk.page\/hr\/wp-json\/wp\/v2\/product\/3688270","targetHints":{"allow":["GET"]}}],"collection":[{"href":"https:\/\/stoic-curie.212-227-153-4.plesk.page\/hr\/wp-json\/wp\/v2\/product"}],"about":[{"href":"https:\/\/stoic-curie.212-227-153-4.plesk.page\/hr\/wp-json\/wp\/v2\/types\/product"}],"replies":[{"embeddable":true,"href":"https:\/\/stoic-curie.212-227-153-4.plesk.page\/hr\/wp-json\/wp\/v2\/comments?post=3688270"}],"version-history":[{"count":0,"href":"https:\/\/stoic-curie.212-227-153-4.plesk.page\/hr\/wp-json\/wp\/v2\/product\/3688270\/revisions"}],"wp:featuredmedia":[{"embeddable":true,"href":"https:\/\/stoic-curie.212-227-153-4.plesk.page\/hr\/wp-json\/wp\/v2\/media\/5939394"}],"wp:attachment":[{"href":"https:\/\/stoic-curie.212-227-153-4.plesk.page\/hr\/wp-json\/wp\/v2\/media?parent=3688270"}],"wp:term":[{"taxonomy":"product_brand","embeddable":true,"href":"https:\/\/stoic-curie.212-227-153-4.plesk.page\/hr\/wp-json\/wp\/v2\/product_brand?post=3688270"},{"taxonomy":"product_cat","embeddable":true,"href":"https:\/\/stoic-curie.212-227-153-4.plesk.page\/hr\/wp-json\/wp\/v2\/product_cat?post=3688270"},{"taxonomy":"product_tag","embeddable":true,"href":"https:\/\/stoic-curie.212-227-153-4.plesk.page\/hr\/wp-json\/wp\/v2\/product_tag?post=3688270"}],"curies":[{"name":"wp","href":"https:\/\/api.w.org\/{rel}","templated":true}]}}