{"id":3688279,"date":"2025-10-13T13:33:34","date_gmt":"2025-10-13T17:33:34","guid":{"rendered":"https:\/\/stoic-curie.212-227-153-4.plesk.page\/product\/stropno-svjetlo-od-poliranog-mesinga-sa-led-svjetlima-12v-168mm-s-prekidacem\/"},"modified":"2026-02-25T00:00:46","modified_gmt":"2026-02-25T00:00:46","slug":"stropno-svjetlo-od-poliranog-mesinga-sa-led-svjetlima-12v-168mm-s-prekidacem","status":"publish","type":"product","link":"https:\/\/stoic-curie.212-227-153-4.plesk.page\/hr\/product\/stropno-svjetlo-od-poliranog-mesinga-sa-led-svjetlima-12v-168mm-s-prekidacem\/","title":{"rendered":"Stropno svjetlo od poliranog mesinga sa LED svjetlima 12V 168mm, s prekidacem"},"content":{"rendered":"<p>Stropno svjetlo od poliranog mesinga sa LED svjetlima 12V 168mm, s prekidacem &#8211; <\/p>\n<p>Poli\u010deni mesingani ku\u0107i\u0161te 12V LED klasi\u010dne kupolaste svjetiljke s prekida\u010dem.<\/p>\n","protected":false},"excerpt":{"rendered":"<p>Stropno svjetlo od poliranog mesinga sa LED svjetlima 12V 168mm, s prekidacem &#8211; Poli\u010deni mesingani ku\u0107i\u0161te 12V LED klasi\u010dne kupolaste<\/p>\n","protected":false},"featured_media":5939401,"comment_status":"closed","ping_status":"closed","template":"","meta":[],"product_brand":[3221],"product_cat":[1739],"product_tag":[],"class_list":{"0":"post-3688279","1":"product","2":"type-product","3":"status-publish","4":"has-post-thumbnail","6":"product_brand-oceanled-hr","7":"product_cat-rasvjeta","9":"first","10":"instock","11":"shipping-taxable","12":"purchasable","13":"product-type-simple"},"_links":{"self":[{"href":"https:\/\/stoic-curie.212-227-153-4.plesk.page\/hr\/wp-json\/wp\/v2\/product\/3688279","targetHints":{"allow":["GET"]}}],"collection":[{"href":"https:\/\/stoic-curie.212-227-153-4.plesk.page\/hr\/wp-json\/wp\/v2\/product"}],"about":[{"href":"https:\/\/stoic-curie.212-227-153-4.plesk.page\/hr\/wp-json\/wp\/v2\/types\/product"}],"replies":[{"embeddable":true,"href":"https:\/\/stoic-curie.212-227-153-4.plesk.page\/hr\/wp-json\/wp\/v2\/comments?post=3688279"}],"version-history":[{"count":0,"href":"https:\/\/stoic-curie.212-227-153-4.plesk.page\/hr\/wp-json\/wp\/v2\/product\/3688279\/revisions"}],"wp:featuredmedia":[{"embeddable":true,"href":"https:\/\/stoic-curie.212-227-153-4.plesk.page\/hr\/wp-json\/wp\/v2\/media\/5939401"}],"wp:attachment":[{"href":"https:\/\/stoic-curie.212-227-153-4.plesk.page\/hr\/wp-json\/wp\/v2\/media?parent=3688279"}],"wp:term":[{"taxonomy":"product_brand","embeddable":true,"href":"https:\/\/stoic-curie.212-227-153-4.plesk.page\/hr\/wp-json\/wp\/v2\/product_brand?post=3688279"},{"taxonomy":"product_cat","embeddable":true,"href":"https:\/\/stoic-curie.212-227-153-4.plesk.page\/hr\/wp-json\/wp\/v2\/product_cat?post=3688279"},{"taxonomy":"product_tag","embeddable":true,"href":"https:\/\/stoic-curie.212-227-153-4.plesk.page\/hr\/wp-json\/wp\/v2\/product_tag?post=3688279"}],"curies":[{"name":"wp","href":"https:\/\/api.w.org\/{rel}","templated":true}]}}