{"id":3688281,"date":"2025-10-13T13:33:34","date_gmt":"2025-10-13T17:33:34","guid":{"rendered":"https:\/\/stoic-curie.212-227-153-4.plesk.page\/product\/led-svjetlo-od-nehrdajuceg-celika-s-ugradbenmi-nosacem-ip67-vodonepropusni-12v-d71mm\/"},"modified":"2026-02-25T00:00:46","modified_gmt":"2026-02-25T00:00:46","slug":"led-svjetlo-od-nehrdajuceg-celika-s-ugradbenmi-nosacem-ip67-vodonepropusni-12v-d71mm","status":"publish","type":"product","link":"https:\/\/stoic-curie.212-227-153-4.plesk.page\/hr\/product\/led-svjetlo-od-nehrdajuceg-celika-s-ugradbenmi-nosacem-ip67-vodonepropusni-12v-d71mm\/","title":{"rendered":"LED svjetlo od nehr\u0111aju\u0107eg \u010delika s ugradbenmi nosacem, IP67 vodonepropusni, 12V D71mm"},"content":{"rendered":"<p>LED svjetlo od nehr\u0111aju\u0107eg \u010delika s ugradbenmi nosacem, IP67 vodonepropusni, 12V D71mm &#8211; <\/p>\n<p>Ugradna LED rasvjeta od inoxa, IP67 vodootporna. Smanjena potro\u0161nja od 0,5 W. 5500 K\u00c2\u00b0 svjetlost bijele svjetlosti.<\/p>\n","protected":false},"excerpt":{"rendered":"<p>LED svjetlo od nehr\u0111aju\u0107eg \u010delika s ugradbenmi nosacem, IP67 vodonepropusni, 12V D71mm &#8211; Ugradna LED rasvjeta od inoxa, IP67 vodootporna.<\/p>\n","protected":false},"featured_media":5939407,"comment_status":"closed","ping_status":"closed","template":"","meta":[],"product_brand":[3221],"product_cat":[1730,1739],"product_tag":[],"class_list":{"0":"post-3688281","1":"product","2":"type-product","3":"status-publish","4":"has-post-thumbnail","6":"product_brand-oceanled-hr","7":"product_cat-dekorativna-rasvjeta","8":"product_cat-rasvjeta","10":"first","11":"instock","12":"shipping-taxable","13":"purchasable","14":"product-type-simple"},"_links":{"self":[{"href":"https:\/\/stoic-curie.212-227-153-4.plesk.page\/hr\/wp-json\/wp\/v2\/product\/3688281","targetHints":{"allow":["GET"]}}],"collection":[{"href":"https:\/\/stoic-curie.212-227-153-4.plesk.page\/hr\/wp-json\/wp\/v2\/product"}],"about":[{"href":"https:\/\/stoic-curie.212-227-153-4.plesk.page\/hr\/wp-json\/wp\/v2\/types\/product"}],"replies":[{"embeddable":true,"href":"https:\/\/stoic-curie.212-227-153-4.plesk.page\/hr\/wp-json\/wp\/v2\/comments?post=3688281"}],"version-history":[{"count":0,"href":"https:\/\/stoic-curie.212-227-153-4.plesk.page\/hr\/wp-json\/wp\/v2\/product\/3688281\/revisions"}],"wp:featuredmedia":[{"embeddable":true,"href":"https:\/\/stoic-curie.212-227-153-4.plesk.page\/hr\/wp-json\/wp\/v2\/media\/5939407"}],"wp:attachment":[{"href":"https:\/\/stoic-curie.212-227-153-4.plesk.page\/hr\/wp-json\/wp\/v2\/media?parent=3688281"}],"wp:term":[{"taxonomy":"product_brand","embeddable":true,"href":"https:\/\/stoic-curie.212-227-153-4.plesk.page\/hr\/wp-json\/wp\/v2\/product_brand?post=3688281"},{"taxonomy":"product_cat","embeddable":true,"href":"https:\/\/stoic-curie.212-227-153-4.plesk.page\/hr\/wp-json\/wp\/v2\/product_cat?post=3688281"},{"taxonomy":"product_tag","embeddable":true,"href":"https:\/\/stoic-curie.212-227-153-4.plesk.page\/hr\/wp-json\/wp\/v2\/product_tag?post=3688281"}],"curies":[{"name":"wp","href":"https:\/\/api.w.org\/{rel}","templated":true}]}}