{"id":3688282,"date":"2025-10-13T13:33:35","date_gmt":"2025-10-13T17:33:35","guid":{"rendered":"https:\/\/stoic-curie.212-227-153-4.plesk.page\/product\/uvlaciva-plafonjera-sa-16-led-svjetala-110x44-mm-230-lumena\/"},"modified":"2026-02-25T00:00:46","modified_gmt":"2026-02-25T00:00:46","slug":"uvlaciva-plafonjera-sa-16-led-svjetala-110x44-mm-230-lumena","status":"publish","type":"product","link":"https:\/\/stoic-curie.212-227-153-4.plesk.page\/hr\/product\/uvlaciva-plafonjera-sa-16-led-svjetala-110x44-mm-230-lumena\/","title":{"rendered":"Uvla\u010diva plafonjera sa 16 LED svjetala, 110&#215;44 mm, 230 lumena"},"content":{"rendered":"<p>Uvla\u010diva plafonjera sa 16 LED svjetala, 110&#215;44 mm, 230 lumena &#8211; <\/p>\n<p>Bjela plasti\u010dna 12V LED stropna lampa. Uklju\u010duje se kada pritisnete na le\u0107u.<\/p>\n","protected":false},"excerpt":{"rendered":"<p>Uvla\u010diva plafonjera sa 16 LED svjetala, 110&#215;44 mm, 230 lumena &#8211; Bjela plasti\u010dna 12V LED stropna lampa. Uklju\u010duje se kada<\/p>\n","protected":false},"featured_media":5939408,"comment_status":"closed","ping_status":"closed","template":"","meta":[],"product_brand":[3221],"product_cat":[1739],"product_tag":[],"class_list":{"0":"post-3688282","1":"product","2":"type-product","3":"status-publish","4":"has-post-thumbnail","6":"product_brand-oceanled-hr","7":"product_cat-rasvjeta","9":"first","10":"instock","11":"shipping-taxable","12":"purchasable","13":"product-type-simple"},"_links":{"self":[{"href":"https:\/\/stoic-curie.212-227-153-4.plesk.page\/hr\/wp-json\/wp\/v2\/product\/3688282","targetHints":{"allow":["GET"]}}],"collection":[{"href":"https:\/\/stoic-curie.212-227-153-4.plesk.page\/hr\/wp-json\/wp\/v2\/product"}],"about":[{"href":"https:\/\/stoic-curie.212-227-153-4.plesk.page\/hr\/wp-json\/wp\/v2\/types\/product"}],"replies":[{"embeddable":true,"href":"https:\/\/stoic-curie.212-227-153-4.plesk.page\/hr\/wp-json\/wp\/v2\/comments?post=3688282"}],"version-history":[{"count":0,"href":"https:\/\/stoic-curie.212-227-153-4.plesk.page\/hr\/wp-json\/wp\/v2\/product\/3688282\/revisions"}],"wp:featuredmedia":[{"embeddable":true,"href":"https:\/\/stoic-curie.212-227-153-4.plesk.page\/hr\/wp-json\/wp\/v2\/media\/5939408"}],"wp:attachment":[{"href":"https:\/\/stoic-curie.212-227-153-4.plesk.page\/hr\/wp-json\/wp\/v2\/media?parent=3688282"}],"wp:term":[{"taxonomy":"product_brand","embeddable":true,"href":"https:\/\/stoic-curie.212-227-153-4.plesk.page\/hr\/wp-json\/wp\/v2\/product_brand?post=3688282"},{"taxonomy":"product_cat","embeddable":true,"href":"https:\/\/stoic-curie.212-227-153-4.plesk.page\/hr\/wp-json\/wp\/v2\/product_cat?post=3688282"},{"taxonomy":"product_tag","embeddable":true,"href":"https:\/\/stoic-curie.212-227-153-4.plesk.page\/hr\/wp-json\/wp\/v2\/product_tag?post=3688282"}],"curies":[{"name":"wp","href":"https:\/\/api.w.org\/{rel}","templated":true}]}}